{"id":126,"date":"2022-12-05T14:53:04","date_gmt":"2022-12-05T14:53:04","guid":{"rendered":"https:\/\/intronyx.de\/?page_id=126"},"modified":"2025-05-06T09:35:10","modified_gmt":"2025-05-06T07:35:10","slug":"home-2","status":"publish","type":"page","link":"https:\/\/intronyx.de\/","title":{"rendered":"Home"},"content":{"rendered":"<div class=\"oxi-addons-container   oxi-addons-flipbox-template-style5\">        <div class=\"oxilab-flip-box-wrapper\">\n                                <div class=\"oxilab-flip-box-col-3 oxilab-flip-box-padding-1\"\n                        sa-data-animation=\"\"\n                        sa-data-animation-offset=\"100%\"\r\n                        sa-data-animation-delay=\"0ms\"\r\n                        sa-data-animation-duration=\" 2000ms\"\n                        >\r\n                        <div class=\" oxilab-flip-box-body-1 oxilab-flip-box-body-1-1\">\n                                                        <div class=\"oxilab-flip-box-body-absulote\">\n                                <div class=\"oxilab-flip-box-flip oxilab-flip-box-flip-left-to-right\">\n                                    <div class=\"oxilab-flip-box-style-data easing_easeInOutCirc\">\n                                        <div class=\"oxilab-flip-box-style\">\n                                            <div class=\"oxilab-flip-box-front\">\n                                                <div class=\"oxilab-flip-box-1\">\n                                                    <div class=\"oxilab-flip-box-1-data\">\n\n                                                    <\/div>\n                                                <\/div>\n                                            <\/div>\n                                            <div class=\"oxilab-flip-box-back\">\n                                                <div class=\"oxilab-flip-box-back-1\">\n                                                    <div class=\"oxilab-flip-box-back-1-data\">\n                                                        <div class=\"oxilab-heading\">\n                                                            Reaktionstechnik                                                        <\/div>\n                                                        <div class=\"oxilab-info\">\n                                                            Dosiermaschinen, Formentr\u00e4ger und mehr                                                        <\/div>\n                                                                                                                    <a href=\"https:\/\/intronyx.de\/?page_id=59\" target=\"\">\n                                                                <span class=\"oxilab-button\">\n                                                                    <span class=\"oxilab-button-data\">\n                                                                        Erfahre mehr                                                                    <\/span>\n                                                                <\/span>\n                                                            <\/a>\n                                                                                                                <\/div>\n                                                <\/div>\n                                            <\/div>\n                                        <\/div>\n                                    <\/div>\n                                <\/div>\n                            <\/div>\n                                                    <\/div>\n\n\n                        \n                    <\/div>\n                                        <div class=\"oxilab-flip-box-col-3 oxilab-flip-box-padding-1\"\n                        sa-data-animation=\"\"\n                        sa-data-animation-offset=\"100%\"\r\n                        sa-data-animation-delay=\"0ms\"\r\n                        sa-data-animation-duration=\" 2000ms\"\n                        >\r\n                        <div class=\" oxilab-flip-box-body-1 oxilab-flip-box-body-1-2\">\n                                                        <div class=\"oxilab-flip-box-body-absulote\">\n                                <div class=\"oxilab-flip-box-flip oxilab-flip-box-flip-left-to-right\">\n                                    <div class=\"oxilab-flip-box-style-data easing_easeInOutCirc\">\n                                        <div class=\"oxilab-flip-box-style\">\n                                            <div class=\"oxilab-flip-box-front\">\n                                                <div class=\"oxilab-flip-box-1\">\n                                                    <div class=\"oxilab-flip-box-1-data\">\n\n                                                    <\/div>\n                                                <\/div>\n                                            <\/div>\n                                            <div class=\"oxilab-flip-box-back\">\n                                                <div class=\"oxilab-flip-box-back-1\">\n                                                    <div class=\"oxilab-flip-box-back-1-data\">\n                                                        <div class=\"oxilab-heading\">\n                                                            Robotertechnik                                                        <\/div>\n                                                        <div class=\"oxilab-info\">\n                                                            Roboter sorgt f\u00fcr Bewegung im System                                                        <\/div>\n                                                                                                                    <a href=\"https:\/\/intronyx.de\/?page_id=57\" target=\"\">\n                                                                <span class=\"oxilab-button\">\n                                                                    <span class=\"oxilab-button-data\">\n                                                                        Erfahre mehr                                                                    <\/span>\n                                                                <\/span>\n                                                            <\/a>\n                                                                                                                <\/div>\n                                                <\/div>\n                                            <\/div>\n                                        <\/div>\n                                    <\/div>\n                                <\/div>\n                            <\/div>\n                                                    <\/div>\n\n\n                        \n                    <\/div>\n                                        <div class=\"oxilab-flip-box-col-3 oxilab-flip-box-padding-1\"\n                        sa-data-animation=\"\"\n                        sa-data-animation-offset=\"100%\"\r\n                        sa-data-animation-delay=\"0ms\"\r\n                        sa-data-animation-duration=\" 2000ms\"\n                        >\r\n                        <div class=\" oxilab-flip-box-body-1 oxilab-flip-box-body-1-3\">\n                                                        <div class=\"oxilab-flip-box-body-absulote\">\n                                <div class=\"oxilab-flip-box-flip oxilab-flip-box-flip-left-to-right\">\n                                    <div class=\"oxilab-flip-box-style-data easing_easeInOutCirc\">\n                                        <div class=\"oxilab-flip-box-style\">\n                                            <div class=\"oxilab-flip-box-front\">\n                                                <div class=\"oxilab-flip-box-1\">\n                                                    <div class=\"oxilab-flip-box-1-data\">\n\n                                                    <\/div>\n                                                <\/div>\n                                            <\/div>\n                                            <div class=\"oxilab-flip-box-back\">\n                                                <div class=\"oxilab-flip-box-back-1\">\n                                                    <div class=\"oxilab-flip-box-back-1-data\">\n                                                        <div class=\"oxilab-heading\">\n                                                            Service                                                        <\/div>\n                                                        <div class=\"oxilab-info\">\n                                                            Service f\u00fcr Ihre Anlagen und System                                                        <\/div>\n                                                                                                                    <a href=\"https:\/\/intronyx.de\/?page_id=45\" target=\"\">\n                                                                <span class=\"oxilab-button\">\n                                                                    <span class=\"oxilab-button-data\">\n                                                                        Erfahre mehr                                                                    <\/span>\n                                                                <\/span>\n                                                            <\/a>\n                                                                                                                <\/div>\n                                                <\/div>\n                                            <\/div>\n                                        <\/div>\n                                    <\/div>\n                                <\/div>\n                            <\/div>\n                                                    <\/div>\n\n\n                        \n                    <\/div>\n                    \n\n        <\/div>\n        <\/div>\n","protected":false},"excerpt":{"rendered":"","protected":false},"author":1,"featured_media":0,"parent":0,"menu_order":0,"comment_status":"closed","ping_status":"closed","template":"page-templates\/frontpage.php","meta":{"footnotes":""},"class_list":["post-126","page","type-page","status-publish","hentry"],"yoast_head":"<!-- This site is optimized with the Yoast SEO plugin v25.6 - https:\/\/yoast.com\/wordpress\/plugins\/seo\/ -->\n<title>Home - Pure for You<\/title>\n<meta name=\"description\" content=\"intronyx ist Ihr Partner f\u00fcr Dosiermaschinen im Bereich Polyurethantechnik. Ob Formentr\u00e4ger, Roboterapplikation oder Mischk\u00f6pfe. Sprechen Sie uns an\" \/>\n<meta name=\"robots\" content=\"index, follow, max-snippet:-1, max-image-preview:large, max-video-preview:-1\" \/>\n<link rel=\"canonical\" href=\"https:\/\/intronyx.de\/\" \/>\n<meta property=\"og:locale\" content=\"de_DE\" \/>\n<meta property=\"og:type\" content=\"article\" \/>\n<meta property=\"og:title\" content=\"Home - Pure for You\" \/>\n<meta property=\"og:description\" content=\"intronyx ist Ihr Partner f\u00fcr Dosiermaschinen im Bereich Polyurethantechnik. Ob Formentr\u00e4ger, Roboterapplikation oder Mischk\u00f6pfe. Sprechen Sie uns an\" \/>\n<meta property=\"og:url\" content=\"https:\/\/intronyx.de\/\" \/>\n<meta property=\"og:site_name\" content=\"Pure for You\" \/>\n<meta property=\"article:modified_time\" content=\"2025-05-06T07:35:10+00:00\" \/>\n<meta name=\"twitter:card\" content=\"summary_large_image\" \/>\n<meta name=\"twitter:label1\" content=\"Gesch\u00e4tzte Lesezeit\" \/>\n\t<meta name=\"twitter:data1\" content=\"1 Minute\" \/>\n<script type=\"application\/ld+json\" class=\"yoast-schema-graph\">{\"@context\":\"https:\/\/schema.org\",\"@graph\":[{\"@type\":\"WebPage\",\"@id\":\"https:\/\/intronyx.de\/\",\"url\":\"https:\/\/intronyx.de\/\",\"name\":\"Home - Pure for You\",\"isPartOf\":{\"@id\":\"https:\/\/intronyx.de\/#website\"},\"datePublished\":\"2022-12-05T14:53:04+00:00\",\"dateModified\":\"2025-05-06T07:35:10+00:00\",\"description\":\"intronyx ist Ihr Partner f\u00fcr Dosiermaschinen im Bereich Polyurethantechnik. Ob Formentr\u00e4ger, Roboterapplikation oder Mischk\u00f6pfe. Sprechen Sie uns an\",\"breadcrumb\":{\"@id\":\"https:\/\/intronyx.de\/#breadcrumb\"},\"inLanguage\":\"de-DE\",\"potentialAction\":[{\"@type\":\"ReadAction\",\"target\":[\"https:\/\/intronyx.de\/\"]}]},{\"@type\":\"BreadcrumbList\",\"@id\":\"https:\/\/intronyx.de\/#breadcrumb\",\"itemListElement\":[{\"@type\":\"ListItem\",\"position\":1,\"name\":\"Startseite\",\"item\":\"https:\/\/intronyx.de\/\"},{\"@type\":\"ListItem\",\"position\":2,\"name\":\"Home\"}]},{\"@type\":\"WebSite\",\"@id\":\"https:\/\/intronyx.de\/#website\",\"url\":\"https:\/\/intronyx.de\/\",\"name\":\"intronyx GmbH & Co.KG\",\"description\":\"\",\"publisher\":{\"@id\":\"https:\/\/intronyx.de\/#organization\"},\"potentialAction\":[{\"@type\":\"SearchAction\",\"target\":{\"@type\":\"EntryPoint\",\"urlTemplate\":\"https:\/\/intronyx.de\/?s={search_term_string}\"},\"query-input\":{\"@type\":\"PropertyValueSpecification\",\"valueRequired\":true,\"valueName\":\"search_term_string\"}}],\"inLanguage\":\"de-DE\"},{\"@type\":\"Organization\",\"@id\":\"https:\/\/intronyx.de\/#organization\",\"name\":\"intronyx\",\"url\":\"https:\/\/intronyx.de\/\",\"logo\":{\"@type\":\"ImageObject\",\"inLanguage\":\"de-DE\",\"@id\":\"https:\/\/intronyx.de\/#\/schema\/logo\/image\/\",\"url\":\"https:\/\/intronyx.de\/wp-content\/uploads\/2022\/11\/cropped-cropped-5040@2x.jpg\",\"contentUrl\":\"https:\/\/intronyx.de\/wp-content\/uploads\/2022\/11\/cropped-cropped-5040@2x.jpg\",\"width\":958,\"height\":201,\"caption\":\"intronyx\"},\"image\":{\"@id\":\"https:\/\/intronyx.de\/#\/schema\/logo\/image\/\"}}]}<\/script>\n<!-- \/ Yoast SEO plugin. -->","yoast_head_json":{"title":"Home - Pure for You","description":"intronyx ist Ihr Partner f\u00fcr Dosiermaschinen im Bereich Polyurethantechnik. Ob Formentr\u00e4ger, Roboterapplikation oder Mischk\u00f6pfe. Sprechen Sie uns an","robots":{"index":"index","follow":"follow","max-snippet":"max-snippet:-1","max-image-preview":"max-image-preview:large","max-video-preview":"max-video-preview:-1"},"canonical":"https:\/\/intronyx.de\/","og_locale":"de_DE","og_type":"article","og_title":"Home - Pure for You","og_description":"intronyx ist Ihr Partner f\u00fcr Dosiermaschinen im Bereich Polyurethantechnik. Ob Formentr\u00e4ger, Roboterapplikation oder Mischk\u00f6pfe. Sprechen Sie uns an","og_url":"https:\/\/intronyx.de\/","og_site_name":"Pure for You","article_modified_time":"2025-05-06T07:35:10+00:00","twitter_card":"summary_large_image","twitter_misc":{"Gesch\u00e4tzte Lesezeit":"1 Minute"},"schema":{"@context":"https:\/\/schema.org","@graph":[{"@type":"WebPage","@id":"https:\/\/intronyx.de\/","url":"https:\/\/intronyx.de\/","name":"Home - Pure for You","isPartOf":{"@id":"https:\/\/intronyx.de\/#website"},"datePublished":"2022-12-05T14:53:04+00:00","dateModified":"2025-05-06T07:35:10+00:00","description":"intronyx ist Ihr Partner f\u00fcr Dosiermaschinen im Bereich Polyurethantechnik. Ob Formentr\u00e4ger, Roboterapplikation oder Mischk\u00f6pfe. Sprechen Sie uns an","breadcrumb":{"@id":"https:\/\/intronyx.de\/#breadcrumb"},"inLanguage":"de-DE","potentialAction":[{"@type":"ReadAction","target":["https:\/\/intronyx.de\/"]}]},{"@type":"BreadcrumbList","@id":"https:\/\/intronyx.de\/#breadcrumb","itemListElement":[{"@type":"ListItem","position":1,"name":"Startseite","item":"https:\/\/intronyx.de\/"},{"@type":"ListItem","position":2,"name":"Home"}]},{"@type":"WebSite","@id":"https:\/\/intronyx.de\/#website","url":"https:\/\/intronyx.de\/","name":"intronyx GmbH & Co.KG","description":"","publisher":{"@id":"https:\/\/intronyx.de\/#organization"},"potentialAction":[{"@type":"SearchAction","target":{"@type":"EntryPoint","urlTemplate":"https:\/\/intronyx.de\/?s={search_term_string}"},"query-input":{"@type":"PropertyValueSpecification","valueRequired":true,"valueName":"search_term_string"}}],"inLanguage":"de-DE"},{"@type":"Organization","@id":"https:\/\/intronyx.de\/#organization","name":"intronyx","url":"https:\/\/intronyx.de\/","logo":{"@type":"ImageObject","inLanguage":"de-DE","@id":"https:\/\/intronyx.de\/#\/schema\/logo\/image\/","url":"https:\/\/intronyx.de\/wp-content\/uploads\/2022\/11\/cropped-cropped-5040@2x.jpg","contentUrl":"https:\/\/intronyx.de\/wp-content\/uploads\/2022\/11\/cropped-cropped-5040@2x.jpg","width":958,"height":201,"caption":"intronyx"},"image":{"@id":"https:\/\/intronyx.de\/#\/schema\/logo\/image\/"}}]}},"jetpack_sharing_enabled":true,"_links":{"self":[{"href":"https:\/\/intronyx.de\/index.php?rest_route=\/wp\/v2\/pages\/126"}],"collection":[{"href":"https:\/\/intronyx.de\/index.php?rest_route=\/wp\/v2\/pages"}],"about":[{"href":"https:\/\/intronyx.de\/index.php?rest_route=\/wp\/v2\/types\/page"}],"author":[{"embeddable":true,"href":"https:\/\/intronyx.de\/index.php?rest_route=\/wp\/v2\/users\/1"}],"replies":[{"embeddable":true,"href":"https:\/\/intronyx.de\/index.php?rest_route=%2Fwp%2Fv2%2Fcomments&post=126"}],"version-history":[{"count":1,"href":"https:\/\/intronyx.de\/index.php?rest_route=\/wp\/v2\/pages\/126\/revisions"}],"predecessor-version":[{"id":271,"href":"https:\/\/intronyx.de\/index.php?rest_route=\/wp\/v2\/pages\/126\/revisions\/271"}],"wp:attachment":[{"href":"https:\/\/intronyx.de\/index.php?rest_route=%2Fwp%2Fv2%2Fmedia&parent=126"}],"curies":[{"name":"wp","href":"https:\/\/api.w.org\/{rel}","templated":true}]}}