{"id":29,"date":"2022-10-24T15:10:57","date_gmt":"2022-10-24T15:10:57","guid":{"rendered":"https:\/\/intronyx.de\/?page_id=29"},"modified":"2023-11-09T15:00:35","modified_gmt":"2023-11-09T14:00:35","slug":"impressum","status":"publish","type":"page","link":"https:\/\/intronyx.de\/?page_id=29","title":{"rendered":"Impressum"},"content":{"rendered":"\n<p>Verantwortlich f\u00fcr den Inhalt:<br>INTRONYX Gmbh &amp; Co. KG<br>Von-Miller-Strasse 1, 93092 Barbing&nbsp;<br>Germany<\/p>\n\n\n\n<p>fon:&nbsp;(0 94 01) 52 84 96 &#8211; 0<br>fax:&nbsp;(0 94 01) 52 84 96-9<br>mail:&nbsp;info@intronyx.de<br>web:&nbsp;www.intronyx.de<\/p>\n\n\n\n<p>Vertreten durch:<br>INTRONYX Verwaltung GmbH<br>Von-Miller-Str. 1, 93092 Barbing<br>Gesch\u00e4ftsf\u00fchrer: intronyx Verwaltung GmbH<br>Registergericht: Amtsgericht Regensburg<br>Registernummer: HRB 10323<\/p>\n\n\n\n<p>Registereintrag:<br>Eingetragen im Handelsregister.<br>Registergericht: Amtsgericht Regensburg<br>Registernummer: HRA 7534<\/p>\n\n\n\n<p>Umsatzsteuer-ID:<br>Umsatzsteuer-Identifikationsnummer nach \u00a727a Umsatzsteuergesetz:<br>DE 233 477 936<\/p>\n\n\n\n<p>Disclaimer \u2013 rechtliche Hinweise<br>\u00a7 1 Warnhinweis zu Inhalten<br>Die kostenlosen und frei zug\u00e4nglichen Inhalte dieser Webseite wurden mit gr\u00f6\u00dftm\u00f6glicher Sorgfalt erstellt. Der Anbieter dieser Webseite \u00fcbernimmt jedoch keine Gew\u00e4hr f\u00fcr die Richtigkeit und Aktualit\u00e4t der bereitgestellten kostenlosen und frei zug\u00e4nglichen journalistischen Ratgeber und Nachrichten. Namentlich gekennzeichnete Beitr\u00e4ge geben die Meinung des jeweiligen Autors und nicht immer die Meinung des Anbieters wieder. Allein durch den Aufruf der kostenlosen und frei zug\u00e4nglichen Inhalte kommt keinerlei Vertragsverh\u00e4ltnis zwischen dem Nutzer und dem Anbieter zustande, insoweit fehlt es am Rechtsbindungswillen des Anbieters.<\/p>\n\n\n\n<p>\u00a7 2 Externe Links<br>Diese Website enth\u00e4lt Verkn\u00fcpfungen zu Websites Dritter (&#8222;externe Links&#8220;). Diese Websites unterliegen der Haftung der jeweiligen Betreiber. Der Anbieter hat bei der erstmaligen Verkn\u00fcpfung der externen Links die fremden Inhalte daraufhin \u00fcberpr\u00fcft, ob etwaige Rechtsverst\u00f6\u00dfe bestehen. Zu dem Zeitpunkt waren keine Rechtsverst\u00f6\u00dfe ersichtlich. Der Anbieter hat keinerlei Einfluss auf die aktuelle und zuk\u00fcnftige Gestaltung und auf die Inhalte der verkn\u00fcpften Seiten. Das Setzen von externen Links bedeutet nicht, dass sich der Anbieter die hinter dem Verweis oder Link liegenden Inhalte zu Eigen macht. Eine st\u00e4ndige Kontrolle der externen Links ist f\u00fcr den Anbieter ohne konkrete Hinweise auf Rechtsverst\u00f6\u00dfe nicht zumutbar. Bei Kenntnis von Rechtsverst\u00f6\u00dfen werden jedoch derartige externe Links unverz\u00fcglich gel\u00f6scht.<\/p>\n\n\n\n<p>\u00a7 3 Urheber- und Leistungsschutzrechte<br>Die auf dieser Website ver\u00f6ffentlichten Inhalte unterliegen dem deutschen Urheber- und Leistungsschutzrecht. Jede vom deutschen Urheber- und Leistungsschutzrecht nicht zugelassene Verwertung bedarf der vorherigen schriftlichen Zustimmung des Anbieters oder jeweiligen Rechteinhabers. Dies gilt insbesondere f\u00fcr Vervielf\u00e4ltigung, Bearbeitung, \u00dcbersetzung, Einspeicherung, Verarbeitung bzw. Wiedergabe von Inhalten in Datenbanken oder anderen elektronischen Medien und Systemen. Inhalte und Rechte Dritter sind dabei als solche gekennzeichnet. Die unerlaubte Vervielf\u00e4ltigung oder Weitergabe einzelner Inhalte oder kompletter Seiten ist nicht gestattet und strafbar. Lediglich die Herstellung von Kopien und Downloads f\u00fcr den pers\u00f6nlichen, privaten und nicht kommerziellen Gebrauch ist erlaubt.<\/p>\n\n\n\n<p>Die Darstellung dieser Website in fremden Frames ist nur mit schriftlicher Erlaubnis zul\u00e4ssig.<\/p>\n\n\n\n<p>\u00a7 4 Besondere Nutzungsbedingungen<br>Soweit besondere Bedingungen f\u00fcr einzelne Nutzungen dieser Website von den vorgenannten Paragraphen abweichen, wird an entsprechender Stelle ausdr\u00fccklich darauf hingewiesen. In diesem Falle gelten im jeweiligen Einzelfall die besonderen Nutzungsbedingungen.<br>Quelle: Impressum Vorlage von JuraForum.de<\/p>\n","protected":false},"excerpt":{"rendered":"<p>Verantwortlich f\u00fcr den Inhalt:INTRONYX Gmbh &amp; Co. KGVon-Miller-Strasse 1, 93092 Barbing&nbsp;Germany fon:&nbsp;(0 94 01) 52 84 96 &#8211; 0fax:&nbsp;(0 94 01) 52 84 96-9mail:&nbsp;info@intronyx.deweb:&nbsp;www.intronyx.de Vertreten durch:INTRONYX Verwaltung GmbHVon-Miller-Str. 1, 93092 BarbingGesch\u00e4ftsf\u00fchrer: intronyx Verwaltung GmbHRegistergericht: Amtsgericht RegensburgRegisternummer: HRB 10323 Registereintrag:Eingetragen im Handelsregister.Registergericht: Amtsgericht RegensburgRegisternummer: HRA 7534 Umsatzsteuer-ID:Umsatzsteuer-Identifikationsnummer nach \u00a727a Umsatzsteuergesetz:DE 233 477 936 Disclaimer \u2013 rechtliche [&hellip;]<\/p>\n","protected":false},"author":1,"featured_media":0,"parent":0,"menu_order":0,"comment_status":"closed","ping_status":"closed","template":"","meta":{"footnotes":""},"class_list":["post-29","page","type-page","status-publish","hentry"],"yoast_head":"<!-- This site is optimized with the Yoast SEO plugin v25.6 - https:\/\/yoast.com\/wordpress\/plugins\/seo\/ -->\n<title>Impressum - Pure for You<\/title>\n<meta name=\"robots\" content=\"index, follow, max-snippet:-1, max-image-preview:large, max-video-preview:-1\" \/>\n<link rel=\"canonical\" href=\"https:\/\/intronyx.de\/?page_id=29\" \/>\n<meta property=\"og:locale\" content=\"de_DE\" \/>\n<meta property=\"og:type\" content=\"article\" \/>\n<meta property=\"og:title\" content=\"Impressum - Pure for You\" \/>\n<meta property=\"og:description\" content=\"Verantwortlich f\u00fcr den Inhalt:INTRONYX Gmbh &amp; Co. KGVon-Miller-Strasse 1, 93092 Barbing&nbsp;Germany fon:&nbsp;(0 94 01) 52 84 96 &#8211; 0fax:&nbsp;(0 94 01) 52 84 96-9mail:&nbsp;info@intronyx.deweb:&nbsp;www.intronyx.de Vertreten durch:INTRONYX Verwaltung GmbHVon-Miller-Str. 1, 93092 BarbingGesch\u00e4ftsf\u00fchrer: intronyx Verwaltung GmbHRegistergericht: Amtsgericht RegensburgRegisternummer: HRB 10323 Registereintrag:Eingetragen im Handelsregister.Registergericht: Amtsgericht RegensburgRegisternummer: HRA 7534 Umsatzsteuer-ID:Umsatzsteuer-Identifikationsnummer nach \u00a727a Umsatzsteuergesetz:DE 233 477 936 Disclaimer \u2013 rechtliche [&hellip;]\" \/>\n<meta property=\"og:url\" content=\"https:\/\/intronyx.de\/?page_id=29\" \/>\n<meta property=\"og:site_name\" content=\"Pure for You\" \/>\n<meta property=\"article:modified_time\" content=\"2023-11-09T14:00:35+00:00\" \/>\n<meta name=\"twitter:card\" content=\"summary_large_image\" \/>\n<meta name=\"twitter:label1\" content=\"Gesch\u00e4tzte Lesezeit\" \/>\n\t<meta name=\"twitter:data1\" content=\"2 Minuten\" \/>\n<script type=\"application\/ld+json\" class=\"yoast-schema-graph\">{\"@context\":\"https:\/\/schema.org\",\"@graph\":[{\"@type\":\"WebPage\",\"@id\":\"https:\/\/intronyx.de\/?page_id=29\",\"url\":\"https:\/\/intronyx.de\/?page_id=29\",\"name\":\"Impressum - Pure for You\",\"isPartOf\":{\"@id\":\"https:\/\/intronyx.de\/#website\"},\"datePublished\":\"2022-10-24T15:10:57+00:00\",\"dateModified\":\"2023-11-09T14:00:35+00:00\",\"breadcrumb\":{\"@id\":\"https:\/\/intronyx.de\/?page_id=29#breadcrumb\"},\"inLanguage\":\"de-DE\",\"potentialAction\":[{\"@type\":\"ReadAction\",\"target\":[\"https:\/\/intronyx.de\/?page_id=29\"]}]},{\"@type\":\"BreadcrumbList\",\"@id\":\"https:\/\/intronyx.de\/?page_id=29#breadcrumb\",\"itemListElement\":[{\"@type\":\"ListItem\",\"position\":1,\"name\":\"Startseite\",\"item\":\"https:\/\/intronyx.de\/\"},{\"@type\":\"ListItem\",\"position\":2,\"name\":\"Impressum\"}]},{\"@type\":\"WebSite\",\"@id\":\"https:\/\/intronyx.de\/#website\",\"url\":\"https:\/\/intronyx.de\/\",\"name\":\"intronyx GmbH & Co.KG\",\"description\":\"\",\"publisher\":{\"@id\":\"https:\/\/intronyx.de\/#organization\"},\"potentialAction\":[{\"@type\":\"SearchAction\",\"target\":{\"@type\":\"EntryPoint\",\"urlTemplate\":\"https:\/\/intronyx.de\/?s={search_term_string}\"},\"query-input\":{\"@type\":\"PropertyValueSpecification\",\"valueRequired\":true,\"valueName\":\"search_term_string\"}}],\"inLanguage\":\"de-DE\"},{\"@type\":\"Organization\",\"@id\":\"https:\/\/intronyx.de\/#organization\",\"name\":\"intronyx\",\"url\":\"https:\/\/intronyx.de\/\",\"logo\":{\"@type\":\"ImageObject\",\"inLanguage\":\"de-DE\",\"@id\":\"https:\/\/intronyx.de\/#\/schema\/logo\/image\/\",\"url\":\"https:\/\/intronyx.de\/wp-content\/uploads\/2022\/11\/cropped-cropped-5040@2x.jpg\",\"contentUrl\":\"https:\/\/intronyx.de\/wp-content\/uploads\/2022\/11\/cropped-cropped-5040@2x.jpg\",\"width\":958,\"height\":201,\"caption\":\"intronyx\"},\"image\":{\"@id\":\"https:\/\/intronyx.de\/#\/schema\/logo\/image\/\"}}]}<\/script>\n<!-- \/ Yoast SEO plugin. -->","yoast_head_json":{"title":"Impressum - Pure for You","robots":{"index":"index","follow":"follow","max-snippet":"max-snippet:-1","max-image-preview":"max-image-preview:large","max-video-preview":"max-video-preview:-1"},"canonical":"https:\/\/intronyx.de\/?page_id=29","og_locale":"de_DE","og_type":"article","og_title":"Impressum - Pure for You","og_description":"Verantwortlich f\u00fcr den Inhalt:INTRONYX Gmbh &amp; Co. KGVon-Miller-Strasse 1, 93092 Barbing&nbsp;Germany fon:&nbsp;(0 94 01) 52 84 96 &#8211; 0fax:&nbsp;(0 94 01) 52 84 96-9mail:&nbsp;info@intronyx.deweb:&nbsp;www.intronyx.de Vertreten durch:INTRONYX Verwaltung GmbHVon-Miller-Str. 1, 93092 BarbingGesch\u00e4ftsf\u00fchrer: intronyx Verwaltung GmbHRegistergericht: Amtsgericht RegensburgRegisternummer: HRB 10323 Registereintrag:Eingetragen im Handelsregister.Registergericht: Amtsgericht RegensburgRegisternummer: HRA 7534 Umsatzsteuer-ID:Umsatzsteuer-Identifikationsnummer nach \u00a727a Umsatzsteuergesetz:DE 233 477 936 Disclaimer \u2013 rechtliche [&hellip;]","og_url":"https:\/\/intronyx.de\/?page_id=29","og_site_name":"Pure for You","article_modified_time":"2023-11-09T14:00:35+00:00","twitter_card":"summary_large_image","twitter_misc":{"Gesch\u00e4tzte Lesezeit":"2 Minuten"},"schema":{"@context":"https:\/\/schema.org","@graph":[{"@type":"WebPage","@id":"https:\/\/intronyx.de\/?page_id=29","url":"https:\/\/intronyx.de\/?page_id=29","name":"Impressum - Pure for You","isPartOf":{"@id":"https:\/\/intronyx.de\/#website"},"datePublished":"2022-10-24T15:10:57+00:00","dateModified":"2023-11-09T14:00:35+00:00","breadcrumb":{"@id":"https:\/\/intronyx.de\/?page_id=29#breadcrumb"},"inLanguage":"de-DE","potentialAction":[{"@type":"ReadAction","target":["https:\/\/intronyx.de\/?page_id=29"]}]},{"@type":"BreadcrumbList","@id":"https:\/\/intronyx.de\/?page_id=29#breadcrumb","itemListElement":[{"@type":"ListItem","position":1,"name":"Startseite","item":"https:\/\/intronyx.de\/"},{"@type":"ListItem","position":2,"name":"Impressum"}]},{"@type":"WebSite","@id":"https:\/\/intronyx.de\/#website","url":"https:\/\/intronyx.de\/","name":"intronyx GmbH & Co.KG","description":"","publisher":{"@id":"https:\/\/intronyx.de\/#organization"},"potentialAction":[{"@type":"SearchAction","target":{"@type":"EntryPoint","urlTemplate":"https:\/\/intronyx.de\/?s={search_term_string}"},"query-input":{"@type":"PropertyValueSpecification","valueRequired":true,"valueName":"search_term_string"}}],"inLanguage":"de-DE"},{"@type":"Organization","@id":"https:\/\/intronyx.de\/#organization","name":"intronyx","url":"https:\/\/intronyx.de\/","logo":{"@type":"ImageObject","inLanguage":"de-DE","@id":"https:\/\/intronyx.de\/#\/schema\/logo\/image\/","url":"https:\/\/intronyx.de\/wp-content\/uploads\/2022\/11\/cropped-cropped-5040@2x.jpg","contentUrl":"https:\/\/intronyx.de\/wp-content\/uploads\/2022\/11\/cropped-cropped-5040@2x.jpg","width":958,"height":201,"caption":"intronyx"},"image":{"@id":"https:\/\/intronyx.de\/#\/schema\/logo\/image\/"}}]}},"jetpack_sharing_enabled":true,"_links":{"self":[{"href":"https:\/\/intronyx.de\/index.php?rest_route=\/wp\/v2\/pages\/29"}],"collection":[{"href":"https:\/\/intronyx.de\/index.php?rest_route=\/wp\/v2\/pages"}],"about":[{"href":"https:\/\/intronyx.de\/index.php?rest_route=\/wp\/v2\/types\/page"}],"author":[{"embeddable":true,"href":"https:\/\/intronyx.de\/index.php?rest_route=\/wp\/v2\/users\/1"}],"replies":[{"embeddable":true,"href":"https:\/\/intronyx.de\/index.php?rest_route=%2Fwp%2Fv2%2Fcomments&post=29"}],"version-history":[{"count":2,"href":"https:\/\/intronyx.de\/index.php?rest_route=\/wp\/v2\/pages\/29\/revisions"}],"predecessor-version":[{"id":32,"href":"https:\/\/intronyx.de\/index.php?rest_route=\/wp\/v2\/pages\/29\/revisions\/32"}],"wp:attachment":[{"href":"https:\/\/intronyx.de\/index.php?rest_route=%2Fwp%2Fv2%2Fmedia&parent=29"}],"curies":[{"name":"wp","href":"https:\/\/api.w.org\/{rel}","templated":true}]}}