{"id":45,"date":"2022-11-28T09:18:37","date_gmt":"2022-11-28T09:18:37","guid":{"rendered":"https:\/\/intronyx.de\/?page_id=45"},"modified":"2023-05-31T14:19:01","modified_gmt":"2023-05-31T12:19:01","slug":"leistungen","status":"publish","type":"page","link":"https:\/\/intronyx.de\/?page_id=45","title":{"rendered":"Service"},"content":{"rendered":"\n<p>Wir sind im gesamten Produktlebenszyklus an der Seite unserer Kunden. Das betrifft sowohl von uns neu gestaltete als auch bestehende Anlagen.Bei Bedarf ermitteln wir zusammen mit ihnen den notwendigen Umfang und erstellen f\u00fcr sie ein l\u00fcckenloses und kostentransparentes Angebot.<\/p>\n\n\n\n\n\n\n<p><br><\/p>\n\n\n\n<p><strong>Intronyx unterst\u00fctzt sie in folgenden Bereichen:<\/strong><\/p>\n\n\n<div class=\"oxi-addons-container   oxi-addons-flipbox-template-style1\">        <div class=\"oxilab-flip-box-wrapper\">\n                                <div class=\"oxilab-flip-box-col-3 oxilab-flip-box-padding-5\"\n                        sa-data-animation=\"\"\n                        sa-data-animation-offset=\"100%\"\n                        sa-data-animation-delay=\"0ms\"\n                        sa-data-animation-duration=\" 2000ms\"\n                        >\n                        <div class=\"  oxilab-flip-box-body-5 oxilab-flip-box-body-5-15\">\n                                                        <div class=\"oxilab-flip-box-body-absulote\">\n                                <div class=\"oxilab-flip-box-flip oxilab-flip-box-flip-top-to-bottom\">\n                                    <div class=\"oxilab-flip-box-style-data easing_easeOutBack\">\n                                        <div class=\"oxilab-flip-box-style\">\n                                            <div class=\"oxilab-flip-box-front\">\n                                                <div class=\"oxilab-flip-box-5\">\n                                                    <div class=\"oxilab-flip-box-5-data\">\n                                                        <div class=\"oxilab-flip-box-5-image\">\n                                                            <img decoding=\"async\" src=\"https:\/\/intronyx.de\/wp-content\/uploads\/2023\/01\/SKI_180919-20-scaled.jpg\" \n                                                            alt=\"\"                                                            >\n\n                                                            <div class=\"oxilab-flip-box-5-image-icon\">\n                                                                        <i class=\"fab fa-bandcamp oxi-icons\"><\/i>\n                                                                    <\/div>\n                                                        <\/div>\n                                                        <div class=\"oxilab-flip-box-5-heading\">\n                                                            <div class=\"oxilab-flip-box-5-heading-data\">\n                                                                Retrofit                                                            <\/div>\n                                                        <\/div>\n                                                    <\/div>\n                                                <\/div>\n                                            <\/div>\n                                            <div class=\"oxilab-flip-box-back\">\n                                                <div class=\"oxilab-flip-box-back-5\">\n                                                    <div class=\"oxilab-flip-box-back-5-data\">\n                                                        <div class=\"oxilab-flip-box-back-5-file\">\n                                                            <div class=\"oxilab-info\">\n                                                                Wir machen Ihre Anlage fit f\u00fcr die Zukunft                                                            <\/div>\n                                                                                                                            <div class=\"oxilab-button\">\n                                                                    <a href=\"mailto:%20information@intronyx.de\" target=\"\">\n                                                                        <span class=\"oxilab-button-data\">\n                                                                            Kontaktieren Sie uns                                                                        <\/span>\n                                                                    <\/a>\n                                                                <\/div>\n                                                                                                                        <\/div>\n                                                    <\/div>\n                                                <\/div>\n                                            <\/div>\n                                        <\/div>\n                                    <\/div>\n                                <\/div>\n                            <\/div>\n                                                    <\/div>\n\n                                            <\/div>\n                                        <div class=\"oxilab-flip-box-col-3 oxilab-flip-box-padding-5\"\n                        sa-data-animation=\"\"\n                        sa-data-animation-offset=\"100%\"\n                        sa-data-animation-delay=\"0ms\"\n                        sa-data-animation-duration=\" 2000ms\"\n                        >\n                        <div class=\"  oxilab-flip-box-body-5 oxilab-flip-box-body-5-17\">\n                                                        <div class=\"oxilab-flip-box-body-absulote\">\n                                <div class=\"oxilab-flip-box-flip oxilab-flip-box-flip-top-to-bottom\">\n                                    <div class=\"oxilab-flip-box-style-data easing_easeOutBack\">\n                                        <div class=\"oxilab-flip-box-style\">\n                                            <div class=\"oxilab-flip-box-front\">\n                                                <div class=\"oxilab-flip-box-5\">\n                                                    <div class=\"oxilab-flip-box-5-data\">\n                                                        <div class=\"oxilab-flip-box-5-image\">\n                                                            <img decoding=\"async\" src=\"https:\/\/intronyx.de\/wp-content\/uploads\/2023\/01\/SKI_180919-01a_bearb.jpg\" \n                                                            alt=\"\"                                                            >\n\n                                                            <div class=\"oxilab-flip-box-5-image-icon\">\n                                                                        <i class=\"fas fa-bezier-curve oxi-icons\"><\/i>\n                                                                    <\/div>\n                                                        <\/div>\n                                                        <div class=\"oxilab-flip-box-5-heading\">\n                                                            <div class=\"oxilab-flip-box-5-heading-data\">\n                                                                Inspektion und Wartung                                                            <\/div>\n                                                        <\/div>\n                                                    <\/div>\n                                                <\/div>\n                                            <\/div>\n                                            <div class=\"oxilab-flip-box-back\">\n                                                <div class=\"oxilab-flip-box-back-5\">\n                                                    <div class=\"oxilab-flip-box-back-5-data\">\n                                                        <div class=\"oxilab-flip-box-back-5-file\">\n                                                            <div class=\"oxilab-info\">\n                                                                Alles damit Ihre Anlage geschmeidig l\u00e4uft                                                            <\/div>\n                                                                                                                            <div class=\"oxilab-button\">\n                                                                    <a href=\"mailto:%20information@intronyx.de\" target=\"\">\n                                                                        <span class=\"oxilab-button-data\">\n                                                                            Kontaktieren Sie uns                                                                        <\/span>\n                                                                    <\/a>\n                                                                <\/div>\n                                                                                                                        <\/div>\n                                                    <\/div>\n                                                <\/div>\n                                            <\/div>\n                                        <\/div>\n                                    <\/div>\n                                <\/div>\n                            <\/div>\n                                                    <\/div>\n\n                                            <\/div>\n                                        <div class=\"oxilab-flip-box-col-3 oxilab-flip-box-padding-5\"\n                        sa-data-animation=\"\"\n                        sa-data-animation-offset=\"100%\"\n                        sa-data-animation-delay=\"0ms\"\n                        sa-data-animation-duration=\" 2000ms\"\n                        >\n                        <div class=\"  oxilab-flip-box-body-5 oxilab-flip-box-body-5-18\">\n                                                        <div class=\"oxilab-flip-box-body-absulote\">\n                                <div class=\"oxilab-flip-box-flip oxilab-flip-box-flip-top-to-bottom\">\n                                    <div class=\"oxilab-flip-box-style-data easing_easeOutBack\">\n                                        <div class=\"oxilab-flip-box-style\">\n                                            <div class=\"oxilab-flip-box-front\">\n                                                <div class=\"oxilab-flip-box-5\">\n                                                    <div class=\"oxilab-flip-box-5-data\">\n                                                        <div class=\"oxilab-flip-box-5-image\">\n                                                            <img decoding=\"async\" src=\"https:\/\/intronyx.de\/wp-content\/uploads\/2023\/01\/SKI_180919-59-scaled.jpg\" \n                                                            alt=\"\"                                                            >\n\n                                                            <div class=\"oxilab-flip-box-5-image-icon\">\n                                                                        <i class=\"fab fa-android oxi-icons\"><\/i>\n                                                                    <\/div>\n                                                        <\/div>\n                                                        <div class=\"oxilab-flip-box-5-heading\">\n                                                            <div class=\"oxilab-flip-box-5-heading-data\">\n                                                                Software-Service                                                            <\/div>\n                                                        <\/div>\n                                                    <\/div>\n                                                <\/div>\n                                            <\/div>\n                                            <div class=\"oxilab-flip-box-back\">\n                                                <div class=\"oxilab-flip-box-back-5\">\n                                                    <div class=\"oxilab-flip-box-back-5-data\">\n                                                        <div class=\"oxilab-flip-box-back-5-file\">\n                                                            <div class=\"oxilab-info\">\n                                                                Wir optimieren, integrieren und verbessern.                                                            <\/div>\n                                                                                                                            <div class=\"oxilab-button\">\n                                                                    <a href=\"mailto:%20information@intronyx.de\" target=\"\">\n                                                                        <span class=\"oxilab-button-data\">\n                                                                            Kontaktieren Sie uns                                                                        <\/span>\n                                                                    <\/a>\n                                                                <\/div>\n                                                                                                                        <\/div>\n                                                    <\/div>\n                                                <\/div>\n                                            <\/div>\n                                        <\/div>\n                                    <\/div>\n                                <\/div>\n                            <\/div>\n                                                    <\/div>\n\n                                            <\/div>\n                    \n        <\/div>\n            <\/div>\n\n\n\n<p><strong>Engineering<\/strong><br>Einf\u00fchrung und Verbesserung integrierter Mensch-Maschine-Systeme mit dem Ziel bestm\u00f6glicher Funktionsf\u00e4higkeit<br>Ideenfindung | Konzeption | Planung | Analyse | Design | Technische Abwicklung | Dokumentation<\/p>\n\n\n\n<p><strong>Projektmanagement<\/strong><br>Professionelle Projektsteuerung und verl\u00e4ssliche Projektleitung mit Erfahrung, Weitsicht, Belastbarkeit und Durchsetzungsst\u00e4rke<br>Kommunikation | Information | Controlling | Korrekturma\u00dfnahmen | Baustellenleitung<\/p>\n\n\n\n<p><strong>Umbau und Modernisierung<\/strong><br>Umr\u00fcstung bestehender Anlagen mit neuester Technik, um eine optimale Anlagenverf\u00fcgbarkeit und -performance zu erreichen.<\/p>\n\n\n\n<p><strong>Prozessoptimierung<\/strong><br>Technische Leistungssteigerung zur Verk\u00fcrzung der Durchlaufzeiten und Steigerung der Wertsch\u00f6pfung<br>Prozessleitsysteme | BDE | St\u00f6rungsmanagement | Taktzeitoptimierung | Line-Balancing<\/p>\n\n\n\n<p><strong>Produktionsbegleitung<\/strong><br>Wenn gew\u00fcnscht begleiten unsere Spezialisten sie im Prozess und helfen bei der fr\u00fchzeitigen Erkennung von Risikofaktoren und dem Umsetzen von Verbesserungspotentialen.<\/p>\n\n\n\n<p><strong>St\u00f6rungsanalyse und -beseitigung<\/strong><br>Im Falle eines Falles sind wir schnell zur Verf\u00fcgung, um aus der Ferne oder vor Ort, die Ursache zu finden und eine St\u00f6rung wirksam zu beheben.<\/p>\n\n\n\n<p><strong>Inspektion und Wartung<\/strong><br>Wir ermitteln den notwendigen Umfang und f\u00fchren alle relevanten Arbeiten professionell und schnell durch, um die optimale Verf\u00fcgbarkeit zu gew\u00e4hrleisten und Risiken zu minimieren.<\/p>\n\n\n\n<p><strong>Maschinenverlagerung<\/strong><br>Beim Wechsel im Werk oder an einen anderen Standort stehen wir ihnen mit Rat und Tat zur Seite. Mit unserer Erfahrung sorgen wir f\u00fcr eine geringe Ausfallzeit und einen reibungslosen Wiederanlauf.<\/p>\n\n\n\n<p><strong>Visualisierung<\/strong><br>\u00dcbersichtliche und funktionelle Darstellung von Anlagenzust\u00e4nden und Prozessparametern mittels Touchscreen; individuell und bedienerfreundlich auf die Prozessanforderungen angepasst.<\/p>\n\n\n\n<div class=\"wp-block-buttons is-layout-flex wp-block-buttons-is-layout-flex\">\n<div class=\"wp-block-button\"><a class=\"wp-block-button__link wp-element-button\">Erfahren Sie mehr<\/a><\/div>\n<\/div>\n\n\n\n<p><\/p>\n","protected":false},"excerpt":{"rendered":"<p>Wir sind im gesamten Produktlebenszyklus an der Seite unserer Kunden. Das betrifft sowohl von uns neu gestaltete als auch bestehende Anlagen.Bei Bedarf ermitteln wir zusammen mit ihnen den notwendigen Umfang und erstellen f\u00fcr sie ein l\u00fcckenloses und kostentransparentes Angebot. Intronyx unterst\u00fctzt sie in folgenden Bereichen: EngineeringEinf\u00fchrung und Verbesserung integrierter Mensch-Maschine-Systeme mit dem Ziel bestm\u00f6glicher Funktionsf\u00e4higkeitIdeenfindung [&hellip;]<\/p>\n","protected":false},"author":1,"featured_media":0,"parent":0,"menu_order":0,"comment_status":"closed","ping_status":"closed","template":"","meta":{"footnotes":""},"class_list":["post-45","page","type-page","status-publish","hentry"],"yoast_head":"<!-- This site is optimized with the Yoast SEO plugin v25.6 - https:\/\/yoast.com\/wordpress\/plugins\/seo\/ -->\n<title>Service - Pure for You<\/title>\n<meta name=\"robots\" content=\"index, follow, max-snippet:-1, max-image-preview:large, max-video-preview:-1\" \/>\n<link rel=\"canonical\" href=\"https:\/\/intronyx.de\/?page_id=45\" \/>\n<meta property=\"og:locale\" content=\"de_DE\" \/>\n<meta property=\"og:type\" content=\"article\" \/>\n<meta property=\"og:title\" content=\"Service - Pure for You\" \/>\n<meta property=\"og:description\" content=\"Wir sind im gesamten Produktlebenszyklus an der Seite unserer Kunden. Das betrifft sowohl von uns neu gestaltete als auch bestehende Anlagen.Bei Bedarf ermitteln wir zusammen mit ihnen den notwendigen Umfang und erstellen f\u00fcr sie ein l\u00fcckenloses und kostentransparentes Angebot. Intronyx unterst\u00fctzt sie in folgenden Bereichen: EngineeringEinf\u00fchrung und Verbesserung integrierter Mensch-Maschine-Systeme mit dem Ziel bestm\u00f6glicher Funktionsf\u00e4higkeitIdeenfindung [&hellip;]\" \/>\n<meta property=\"og:url\" content=\"https:\/\/intronyx.de\/?page_id=45\" \/>\n<meta property=\"og:site_name\" content=\"Pure for You\" \/>\n<meta property=\"article:modified_time\" content=\"2023-05-31T12:19:01+00:00\" \/>\n<meta name=\"twitter:card\" content=\"summary_large_image\" \/>\n<meta name=\"twitter:label1\" content=\"Gesch\u00e4tzte Lesezeit\" \/>\n\t<meta name=\"twitter:data1\" content=\"2 Minuten\" \/>\n<script type=\"application\/ld+json\" class=\"yoast-schema-graph\">{\"@context\":\"https:\/\/schema.org\",\"@graph\":[{\"@type\":\"WebPage\",\"@id\":\"https:\/\/intronyx.de\/?page_id=45\",\"url\":\"https:\/\/intronyx.de\/?page_id=45\",\"name\":\"Service - Pure for You\",\"isPartOf\":{\"@id\":\"https:\/\/intronyx.de\/#website\"},\"datePublished\":\"2022-11-28T09:18:37+00:00\",\"dateModified\":\"2023-05-31T12:19:01+00:00\",\"breadcrumb\":{\"@id\":\"https:\/\/intronyx.de\/?page_id=45#breadcrumb\"},\"inLanguage\":\"de-DE\",\"potentialAction\":[{\"@type\":\"ReadAction\",\"target\":[\"https:\/\/intronyx.de\/?page_id=45\"]}]},{\"@type\":\"BreadcrumbList\",\"@id\":\"https:\/\/intronyx.de\/?page_id=45#breadcrumb\",\"itemListElement\":[{\"@type\":\"ListItem\",\"position\":1,\"name\":\"Startseite\",\"item\":\"https:\/\/intronyx.de\/\"},{\"@type\":\"ListItem\",\"position\":2,\"name\":\"Service\"}]},{\"@type\":\"WebSite\",\"@id\":\"https:\/\/intronyx.de\/#website\",\"url\":\"https:\/\/intronyx.de\/\",\"name\":\"intronyx GmbH & Co.KG\",\"description\":\"\",\"publisher\":{\"@id\":\"https:\/\/intronyx.de\/#organization\"},\"potentialAction\":[{\"@type\":\"SearchAction\",\"target\":{\"@type\":\"EntryPoint\",\"urlTemplate\":\"https:\/\/intronyx.de\/?s={search_term_string}\"},\"query-input\":{\"@type\":\"PropertyValueSpecification\",\"valueRequired\":true,\"valueName\":\"search_term_string\"}}],\"inLanguage\":\"de-DE\"},{\"@type\":\"Organization\",\"@id\":\"https:\/\/intronyx.de\/#organization\",\"name\":\"intronyx\",\"url\":\"https:\/\/intronyx.de\/\",\"logo\":{\"@type\":\"ImageObject\",\"inLanguage\":\"de-DE\",\"@id\":\"https:\/\/intronyx.de\/#\/schema\/logo\/image\/\",\"url\":\"https:\/\/intronyx.de\/wp-content\/uploads\/2022\/11\/cropped-cropped-5040@2x.jpg\",\"contentUrl\":\"https:\/\/intronyx.de\/wp-content\/uploads\/2022\/11\/cropped-cropped-5040@2x.jpg\",\"width\":958,\"height\":201,\"caption\":\"intronyx\"},\"image\":{\"@id\":\"https:\/\/intronyx.de\/#\/schema\/logo\/image\/\"}}]}<\/script>\n<!-- \/ Yoast SEO plugin. -->","yoast_head_json":{"title":"Service - Pure for You","robots":{"index":"index","follow":"follow","max-snippet":"max-snippet:-1","max-image-preview":"max-image-preview:large","max-video-preview":"max-video-preview:-1"},"canonical":"https:\/\/intronyx.de\/?page_id=45","og_locale":"de_DE","og_type":"article","og_title":"Service - Pure for You","og_description":"Wir sind im gesamten Produktlebenszyklus an der Seite unserer Kunden. Das betrifft sowohl von uns neu gestaltete als auch bestehende Anlagen.Bei Bedarf ermitteln wir zusammen mit ihnen den notwendigen Umfang und erstellen f\u00fcr sie ein l\u00fcckenloses und kostentransparentes Angebot. Intronyx unterst\u00fctzt sie in folgenden Bereichen: EngineeringEinf\u00fchrung und Verbesserung integrierter Mensch-Maschine-Systeme mit dem Ziel bestm\u00f6glicher Funktionsf\u00e4higkeitIdeenfindung [&hellip;]","og_url":"https:\/\/intronyx.de\/?page_id=45","og_site_name":"Pure for You","article_modified_time":"2023-05-31T12:19:01+00:00","twitter_card":"summary_large_image","twitter_misc":{"Gesch\u00e4tzte Lesezeit":"2 Minuten"},"schema":{"@context":"https:\/\/schema.org","@graph":[{"@type":"WebPage","@id":"https:\/\/intronyx.de\/?page_id=45","url":"https:\/\/intronyx.de\/?page_id=45","name":"Service - Pure for You","isPartOf":{"@id":"https:\/\/intronyx.de\/#website"},"datePublished":"2022-11-28T09:18:37+00:00","dateModified":"2023-05-31T12:19:01+00:00","breadcrumb":{"@id":"https:\/\/intronyx.de\/?page_id=45#breadcrumb"},"inLanguage":"de-DE","potentialAction":[{"@type":"ReadAction","target":["https:\/\/intronyx.de\/?page_id=45"]}]},{"@type":"BreadcrumbList","@id":"https:\/\/intronyx.de\/?page_id=45#breadcrumb","itemListElement":[{"@type":"ListItem","position":1,"name":"Startseite","item":"https:\/\/intronyx.de\/"},{"@type":"ListItem","position":2,"name":"Service"}]},{"@type":"WebSite","@id":"https:\/\/intronyx.de\/#website","url":"https:\/\/intronyx.de\/","name":"intronyx GmbH & Co.KG","description":"","publisher":{"@id":"https:\/\/intronyx.de\/#organization"},"potentialAction":[{"@type":"SearchAction","target":{"@type":"EntryPoint","urlTemplate":"https:\/\/intronyx.de\/?s={search_term_string}"},"query-input":{"@type":"PropertyValueSpecification","valueRequired":true,"valueName":"search_term_string"}}],"inLanguage":"de-DE"},{"@type":"Organization","@id":"https:\/\/intronyx.de\/#organization","name":"intronyx","url":"https:\/\/intronyx.de\/","logo":{"@type":"ImageObject","inLanguage":"de-DE","@id":"https:\/\/intronyx.de\/#\/schema\/logo\/image\/","url":"https:\/\/intronyx.de\/wp-content\/uploads\/2022\/11\/cropped-cropped-5040@2x.jpg","contentUrl":"https:\/\/intronyx.de\/wp-content\/uploads\/2022\/11\/cropped-cropped-5040@2x.jpg","width":958,"height":201,"caption":"intronyx"},"image":{"@id":"https:\/\/intronyx.de\/#\/schema\/logo\/image\/"}}]}},"jetpack_sharing_enabled":true,"_links":{"self":[{"href":"https:\/\/intronyx.de\/index.php?rest_route=\/wp\/v2\/pages\/45"}],"collection":[{"href":"https:\/\/intronyx.de\/index.php?rest_route=\/wp\/v2\/pages"}],"about":[{"href":"https:\/\/intronyx.de\/index.php?rest_route=\/wp\/v2\/types\/page"}],"author":[{"embeddable":true,"href":"https:\/\/intronyx.de\/index.php?rest_route=\/wp\/v2\/users\/1"}],"replies":[{"embeddable":true,"href":"https:\/\/intronyx.de\/index.php?rest_route=%2Fwp%2Fv2%2Fcomments&post=45"}],"version-history":[{"count":5,"href":"https:\/\/intronyx.de\/index.php?rest_route=\/wp\/v2\/pages\/45\/revisions"}],"predecessor-version":[{"id":301,"href":"https:\/\/intronyx.de\/index.php?rest_route=\/wp\/v2\/pages\/45\/revisions\/301"}],"wp:attachment":[{"href":"https:\/\/intronyx.de\/index.php?rest_route=%2Fwp%2Fv2%2Fmedia&parent=45"}],"curies":[{"name":"wp","href":"https:\/\/api.w.org\/{rel}","templated":true}]}}