{"id":47,"date":"2022-11-28T10:56:50","date_gmt":"2022-11-28T09:56:50","guid":{"rendered":"https:\/\/intronyx.de\/?page_id=47"},"modified":"2024-04-22T18:24:41","modified_gmt":"2024-04-22T16:24:41","slug":"dosiermaschinen","status":"publish","type":"page","link":"https:\/\/intronyx.de\/?page_id=47","title":{"rendered":"Dosiermaschinen"},"content":{"rendered":"\n<div class=\"carousel-slider-outer carousel-slider-outer-image-carousel carousel-slider-outer-224\" style=\"--carousel-slider-nav-color:#f1f1f1;--carousel-slider-active-nav-color:#00d1b2;--carousel-slider-arrow-size:48px;--carousel-slider-bullet-size:10px\">\n<div id=\"&#039;id-224\" class=\"carousel-slider carousel-slider-224 arrows-visibility-always dots-visibility-never arrows-outside dots-center dots-circle owl-carousel\" data-slide-type=\"image-carousel\" data-owl-settings='{\"nav\":true,\"dots\":false,\"slideBy\":1,\"stagePadding\":0,\"margin\":10,\"loop\":true,\"lazyLoad\":false,\"autoplay\":true,\"autoplayTimeout\":2000,\"autoplaySpeed\":500,\"autoplayHoverPause\":true,\"autoWidth\":false,\"responsive\":{\"300\":{\"items\":1},\"576\":{\"items\":2},\"768\":{\"items\":2},\"1024\":{\"items\":3},\"1280\":{\"items\":4},\"1536\":{\"items\":5}}}'>\n<div class=\"carousel-slider__item\">\n\t<img fetchpriority=\"high\" decoding=\"async\" width=\"800\" height=\"534\" src=\"https:\/\/intronyx.de\/wp-content\/uploads\/2023\/01\/SKI_190315-12-1024x683.jpg\" class=\"attachment-large size-large\" alt=\"\" srcset=\"https:\/\/intronyx.de\/wp-content\/uploads\/2023\/01\/SKI_190315-12-1024x683.jpg 1024w, https:\/\/intronyx.de\/wp-content\/uploads\/2023\/01\/SKI_190315-12-300x200.jpg 300w, https:\/\/intronyx.de\/wp-content\/uploads\/2023\/01\/SKI_190315-12-768x512.jpg 768w, https:\/\/intronyx.de\/wp-content\/uploads\/2023\/01\/SKI_190315-12-1536x1024.jpg 1536w, https:\/\/intronyx.de\/wp-content\/uploads\/2023\/01\/SKI_190315-12-2048x1365.jpg 2048w\" sizes=\"(max-width: 800px) 100vw, 800px\" \/><\/a><\/div>\n\n<div class=\"carousel-slider__item\">\n\t<img decoding=\"async\" width=\"800\" height=\"534\" src=\"https:\/\/intronyx.de\/wp-content\/uploads\/2023\/01\/SKI_190315-11-1024x683.jpg\" class=\"attachment-large size-large\" alt=\"\" srcset=\"https:\/\/intronyx.de\/wp-content\/uploads\/2023\/01\/SKI_190315-11-1024x683.jpg 1024w, https:\/\/intronyx.de\/wp-content\/uploads\/2023\/01\/SKI_190315-11-300x200.jpg 300w, https:\/\/intronyx.de\/wp-content\/uploads\/2023\/01\/SKI_190315-11-768x512.jpg 768w, https:\/\/intronyx.de\/wp-content\/uploads\/2023\/01\/SKI_190315-11-1536x1024.jpg 1536w, https:\/\/intronyx.de\/wp-content\/uploads\/2023\/01\/SKI_190315-11-2048x1365.jpg 2048w\" sizes=\"(max-width: 800px) 100vw, 800px\" \/><\/a><\/div>\n\n<div class=\"carousel-slider__item\">\n\t<img decoding=\"async\" width=\"800\" height=\"800\" src=\"https:\/\/intronyx.de\/wp-content\/uploads\/2023\/01\/SKI_190315-07-1024x1024.jpg\" class=\"attachment-large size-large\" alt=\"\" srcset=\"https:\/\/intronyx.de\/wp-content\/uploads\/2023\/01\/SKI_190315-07-1024x1024.jpg 1024w, https:\/\/intronyx.de\/wp-content\/uploads\/2023\/01\/SKI_190315-07-300x300.jpg 300w, https:\/\/intronyx.de\/wp-content\/uploads\/2023\/01\/SKI_190315-07-150x150.jpg 150w, https:\/\/intronyx.de\/wp-content\/uploads\/2023\/01\/SKI_190315-07-768x768.jpg 768w, https:\/\/intronyx.de\/wp-content\/uploads\/2023\/01\/SKI_190315-07-1536x1536.jpg 1536w, https:\/\/intronyx.de\/wp-content\/uploads\/2023\/01\/SKI_190315-07-2048x2048.jpg 2048w\" sizes=\"(max-width: 800px) 100vw, 800px\" \/><\/a><\/div>\n\n<div class=\"carousel-slider__item\">\n\t<img loading=\"lazy\" decoding=\"async\" width=\"800\" height=\"800\" src=\"https:\/\/intronyx.de\/wp-content\/uploads\/2023\/01\/SKI_190315-05-1024x1024.jpg\" class=\"attachment-large size-large\" alt=\"\" srcset=\"https:\/\/intronyx.de\/wp-content\/uploads\/2023\/01\/SKI_190315-05-1024x1024.jpg 1024w, https:\/\/intronyx.de\/wp-content\/uploads\/2023\/01\/SKI_190315-05-300x300.jpg 300w, https:\/\/intronyx.de\/wp-content\/uploads\/2023\/01\/SKI_190315-05-150x150.jpg 150w, https:\/\/intronyx.de\/wp-content\/uploads\/2023\/01\/SKI_190315-05-768x768.jpg 768w, https:\/\/intronyx.de\/wp-content\/uploads\/2023\/01\/SKI_190315-05-1536x1536.jpg 1536w, https:\/\/intronyx.de\/wp-content\/uploads\/2023\/01\/SKI_190315-05-2048x2048.jpg 2048w\" sizes=\"(max-width: 800px) 100vw, 800px\" \/><\/a><\/div>\n\n<div class=\"carousel-slider__item\">\n\t<img loading=\"lazy\" decoding=\"async\" width=\"800\" height=\"800\" src=\"https:\/\/intronyx.de\/wp-content\/uploads\/2023\/01\/SKI_190315-03-1024x1024.jpg\" class=\"attachment-large size-large\" alt=\"\" srcset=\"https:\/\/intronyx.de\/wp-content\/uploads\/2023\/01\/SKI_190315-03-1024x1024.jpg 1024w, https:\/\/intronyx.de\/wp-content\/uploads\/2023\/01\/SKI_190315-03-300x300.jpg 300w, https:\/\/intronyx.de\/wp-content\/uploads\/2023\/01\/SKI_190315-03-150x150.jpg 150w, https:\/\/intronyx.de\/wp-content\/uploads\/2023\/01\/SKI_190315-03-768x768.jpg 768w, https:\/\/intronyx.de\/wp-content\/uploads\/2023\/01\/SKI_190315-03-1536x1536.jpg 1536w, https:\/\/intronyx.de\/wp-content\/uploads\/2023\/01\/SKI_190315-03-2048x2048.jpg 2048w, https:\/\/intronyx.de\/wp-content\/uploads\/2023\/01\/SKI_190315-03-scaled-e1699629178141.jpg 800w\" sizes=\"(max-width: 800px) 100vw, 800px\" \/><\/a><\/div>\n\n<div class=\"carousel-slider__item\">\n\t<img loading=\"lazy\" decoding=\"async\" width=\"800\" height=\"800\" src=\"https:\/\/intronyx.de\/wp-content\/uploads\/2023\/01\/SKI_190315-02-1024x1024.jpg\" class=\"attachment-large size-large\" alt=\"\" srcset=\"https:\/\/intronyx.de\/wp-content\/uploads\/2023\/01\/SKI_190315-02-1024x1024.jpg 1024w, https:\/\/intronyx.de\/wp-content\/uploads\/2023\/01\/SKI_190315-02-300x300.jpg 300w, https:\/\/intronyx.de\/wp-content\/uploads\/2023\/01\/SKI_190315-02-150x150.jpg 150w, https:\/\/intronyx.de\/wp-content\/uploads\/2023\/01\/SKI_190315-02-768x768.jpg 768w, https:\/\/intronyx.de\/wp-content\/uploads\/2023\/01\/SKI_190315-02-1536x1536.jpg 1536w, https:\/\/intronyx.de\/wp-content\/uploads\/2023\/01\/SKI_190315-02-2048x2048.jpg 2048w\" sizes=\"(max-width: 800px) 100vw, 800px\" \/><\/a><\/div>\n\n<div class=\"carousel-slider__item\">\n\t<img loading=\"lazy\" decoding=\"async\" width=\"800\" height=\"534\" src=\"https:\/\/intronyx.de\/wp-content\/uploads\/2023\/01\/SKI_190315-19-1024x683.jpg\" class=\"attachment-large size-large\" alt=\"\" srcset=\"https:\/\/intronyx.de\/wp-content\/uploads\/2023\/01\/SKI_190315-19-1024x683.jpg 1024w, https:\/\/intronyx.de\/wp-content\/uploads\/2023\/01\/SKI_190315-19-300x200.jpg 300w, https:\/\/intronyx.de\/wp-content\/uploads\/2023\/01\/SKI_190315-19-768x512.jpg 768w, https:\/\/intronyx.de\/wp-content\/uploads\/2023\/01\/SKI_190315-19-1536x1024.jpg 1536w, https:\/\/intronyx.de\/wp-content\/uploads\/2023\/01\/SKI_190315-19-2048x1365.jpg 2048w\" sizes=\"(max-width: 800px) 100vw, 800px\" \/><\/a><\/div>\n\n<div class=\"carousel-slider__item\">\n\t<img loading=\"lazy\" decoding=\"async\" width=\"683\" height=\"1024\" src=\"https:\/\/intronyx.de\/wp-content\/uploads\/2023\/01\/SKI_180919-52-683x1024.jpg\" class=\"attachment-large size-large\" alt=\"\" srcset=\"https:\/\/intronyx.de\/wp-content\/uploads\/2023\/01\/SKI_180919-52-683x1024.jpg 683w, https:\/\/intronyx.de\/wp-content\/uploads\/2023\/01\/SKI_180919-52-200x300.jpg 200w, https:\/\/intronyx.de\/wp-content\/uploads\/2023\/01\/SKI_180919-52-768x1152.jpg 768w, https:\/\/intronyx.de\/wp-content\/uploads\/2023\/01\/SKI_180919-52-1024x1536.jpg 1024w, https:\/\/intronyx.de\/wp-content\/uploads\/2023\/01\/SKI_180919-52-1365x2048.jpg 1365w, https:\/\/intronyx.de\/wp-content\/uploads\/2023\/01\/SKI_180919-52-scaled.jpg 1707w\" sizes=\"(max-width: 683px) 100vw, 683px\" \/><\/a><\/div>\n\n<div class=\"carousel-slider__item\">\n\t<img loading=\"lazy\" decoding=\"async\" width=\"800\" height=\"534\" src=\"https:\/\/intronyx.de\/wp-content\/uploads\/2023\/01\/SKI_180919-55-1024x683.jpg\" class=\"attachment-large size-large\" alt=\"\" srcset=\"https:\/\/intronyx.de\/wp-content\/uploads\/2023\/01\/SKI_180919-55-1024x683.jpg 1024w, https:\/\/intronyx.de\/wp-content\/uploads\/2023\/01\/SKI_180919-55-300x200.jpg 300w, https:\/\/intronyx.de\/wp-content\/uploads\/2023\/01\/SKI_180919-55-768x512.jpg 768w, https:\/\/intronyx.de\/wp-content\/uploads\/2023\/01\/SKI_180919-55-1536x1024.jpg 1536w, https:\/\/intronyx.de\/wp-content\/uploads\/2023\/01\/SKI_180919-55-2048x1365.jpg 2048w\" sizes=\"(max-width: 800px) 100vw, 800px\" \/><\/a><\/div>\n\n<\/div><!-- .carousel-slider-224 -->\n<\/div><!-- .carousel-slider-outer-224 -->\n\n\n\n\n<p><strong>Pumpendosiermaschinen Typ HPP<\/strong><\/p>\n\n\n\n<p>Unsere Dosiermaschinen begeistern unsere Kunden bez\u00fcglich Performance und Preis. Eine innovative Regelung erm\u00f6glicht den Verzicht auf Beh\u00e4lter-R\u00fchrwerke und garantiert h\u00f6chste Temperaturstabilit\u00e4t und Materialeigenschaft<br \/>Bereits vielfach in Produktion und perfekt optimiert f\u00fcr den Einsatz auf B\u00fchnen.<\/p>\n\n\n\n<p><strong>Produkteigenschaften und Highlights<\/strong><\/p>\n\n\n\n<p>Kundenspezifische und produktabh\u00e4ngige Auslegung f\u00fcr kleine und gro\u00dfe Austragsmengen<br \/>Verwendung von Bauteilen bester G\u00fcte garantieren h\u00f6chste Pr\u00e4zision und Wiederholgenauigkeit sowie einen wartungsarmen Betrieb<br \/>built-in\u2018-Konzept: alle Module kompakt auf dem gemeinsamen Grundrahmen platziert mit optimaler Zug\u00e4nglichkeit aller Komponenten<br \/>Vertikaler Einbau der frequenzgeregelten Dosierpumpen bietet signifikante Ger\u00e4uschreduzierung und Platzersparnis<br \/>Integrierte Stapleraufnahmen f\u00fcr einfache Verlagerung<br \/>Perfekte Visualisierung mit Touch-Panel und bedienerfreundlicher Oberfl\u00e4che<br \/>Anlage w\u00e4hlbar mit optimierter Leitungsf\u00fchrung f\u00fcr Platzierung am Boden oder auf Arbeitsb\u00fchne<br \/>Flexible Auslegung m\u00f6glich vom kosteng\u00fcnstigen Einsteigermodell bis zur vollgeregelten Anlage<\/p>\n\n\n\n<p><strong>Optionen<\/strong><br><br>Elektrische R\u00fchrwerke f\u00fcr ger\u00e4uscharmen und konstanten Betrieb<br>Platzierung von Schaltschrank und Visualisierung auch abgesetzt m\u00f6glich<br>Luft- oder Gasbeladung mit\/ohne Vormischbeh\u00e4lter f\u00fcr Verbesserung der Wirtschaftlichkeit und der Bauteileigenschaften<br>Adsorptionstrockner zur optimalen Aufbereitung der Druckluft<br>Ausleger f\u00fcr bedienerfreundlichen Handeintrag<\/p>\n\n\n\n<p><strong>Dosiermaschinen f\u00fcr Verarbeitung von Komponenten mit F\u00fcllstoffen<\/strong><br \/><br \/>Auch sie bieten die Produkteigenschaften und Highlights der IntroPUR-Serie<br \/>Hybrid-Dosiermaschinen Typ HKP<br \/>zur Verarbeitung von Standard-Isocyanat und Polyol mit F\u00fcllstoffen<br \/>Kolben-Dosiermaschinen Typ HKK<br \/>zur Verarbeitung von Isocyanat und Polyol mit F\u00fcllstoffen<\/p>\n","protected":false},"excerpt":{"rendered":"<p>Pumpendosiermaschinen Typ HPP Unsere Dosiermaschinen begeistern unsere Kunden bez\u00fcglich Performance und Preis. Eine innovative Regelung erm\u00f6glicht den Verzicht auf Beh\u00e4lter-R\u00fchrwerke und garantiert h\u00f6chste Temperaturstabilit\u00e4t und MaterialeigenschaftBereits vielfach in Produktion und perfekt optimiert f\u00fcr den Einsatz auf B\u00fchnen. Produkteigenschaften und Highlights Kundenspezifische und produktabh\u00e4ngige Auslegung f\u00fcr kleine und gro\u00dfe AustragsmengenVerwendung von Bauteilen bester G\u00fcte garantieren h\u00f6chste [&hellip;]<\/p>\n","protected":false},"author":1,"featured_media":0,"parent":0,"menu_order":0,"comment_status":"closed","ping_status":"closed","template":"","meta":{"footnotes":""},"class_list":["post-47","page","type-page","status-publish","hentry"],"yoast_head":"<!-- This site is optimized with the Yoast SEO plugin v25.6 - https:\/\/yoast.com\/wordpress\/plugins\/seo\/ -->\n<title>Dosiermaschinen - Pure for You<\/title>\n<meta name=\"robots\" content=\"index, follow, max-snippet:-1, max-image-preview:large, max-video-preview:-1\" \/>\n<link rel=\"canonical\" href=\"https:\/\/intronyx.de\/?page_id=47\" \/>\n<meta property=\"og:locale\" content=\"de_DE\" \/>\n<meta property=\"og:type\" content=\"article\" \/>\n<meta property=\"og:title\" content=\"Dosiermaschinen - Pure for You\" \/>\n<meta property=\"og:description\" content=\"Pumpendosiermaschinen Typ HPP Unsere Dosiermaschinen begeistern unsere Kunden bez\u00fcglich Performance und Preis. Eine innovative Regelung erm\u00f6glicht den Verzicht auf Beh\u00e4lter-R\u00fchrwerke und garantiert h\u00f6chste Temperaturstabilit\u00e4t und MaterialeigenschaftBereits vielfach in Produktion und perfekt optimiert f\u00fcr den Einsatz auf B\u00fchnen. Produkteigenschaften und Highlights Kundenspezifische und produktabh\u00e4ngige Auslegung f\u00fcr kleine und gro\u00dfe AustragsmengenVerwendung von Bauteilen bester G\u00fcte garantieren h\u00f6chste [&hellip;]\" \/>\n<meta property=\"og:url\" content=\"https:\/\/intronyx.de\/?page_id=47\" \/>\n<meta property=\"og:site_name\" content=\"Pure for You\" \/>\n<meta property=\"article:modified_time\" content=\"2024-04-22T16:24:41+00:00\" \/>\n<meta name=\"twitter:card\" content=\"summary_large_image\" \/>\n<meta name=\"twitter:label1\" content=\"Gesch\u00e4tzte Lesezeit\" \/>\n\t<meta name=\"twitter:data1\" content=\"1 Minute\" \/>\n<script type=\"application\/ld+json\" class=\"yoast-schema-graph\">{\"@context\":\"https:\/\/schema.org\",\"@graph\":[{\"@type\":\"WebPage\",\"@id\":\"https:\/\/intronyx.de\/?page_id=47\",\"url\":\"https:\/\/intronyx.de\/?page_id=47\",\"name\":\"Dosiermaschinen - Pure for You\",\"isPartOf\":{\"@id\":\"https:\/\/intronyx.de\/#website\"},\"datePublished\":\"2022-11-28T09:56:50+00:00\",\"dateModified\":\"2024-04-22T16:24:41+00:00\",\"breadcrumb\":{\"@id\":\"https:\/\/intronyx.de\/?page_id=47#breadcrumb\"},\"inLanguage\":\"de-DE\",\"potentialAction\":[{\"@type\":\"ReadAction\",\"target\":[\"https:\/\/intronyx.de\/?page_id=47\"]}]},{\"@type\":\"BreadcrumbList\",\"@id\":\"https:\/\/intronyx.de\/?page_id=47#breadcrumb\",\"itemListElement\":[{\"@type\":\"ListItem\",\"position\":1,\"name\":\"Startseite\",\"item\":\"https:\/\/intronyx.de\/\"},{\"@type\":\"ListItem\",\"position\":2,\"name\":\"Dosiermaschinen\"}]},{\"@type\":\"WebSite\",\"@id\":\"https:\/\/intronyx.de\/#website\",\"url\":\"https:\/\/intronyx.de\/\",\"name\":\"intronyx GmbH & Co.KG\",\"description\":\"\",\"publisher\":{\"@id\":\"https:\/\/intronyx.de\/#organization\"},\"potentialAction\":[{\"@type\":\"SearchAction\",\"target\":{\"@type\":\"EntryPoint\",\"urlTemplate\":\"https:\/\/intronyx.de\/?s={search_term_string}\"},\"query-input\":{\"@type\":\"PropertyValueSpecification\",\"valueRequired\":true,\"valueName\":\"search_term_string\"}}],\"inLanguage\":\"de-DE\"},{\"@type\":\"Organization\",\"@id\":\"https:\/\/intronyx.de\/#organization\",\"name\":\"intronyx\",\"url\":\"https:\/\/intronyx.de\/\",\"logo\":{\"@type\":\"ImageObject\",\"inLanguage\":\"de-DE\",\"@id\":\"https:\/\/intronyx.de\/#\/schema\/logo\/image\/\",\"url\":\"https:\/\/intronyx.de\/wp-content\/uploads\/2022\/11\/cropped-cropped-5040@2x.jpg\",\"contentUrl\":\"https:\/\/intronyx.de\/wp-content\/uploads\/2022\/11\/cropped-cropped-5040@2x.jpg\",\"width\":958,\"height\":201,\"caption\":\"intronyx\"},\"image\":{\"@id\":\"https:\/\/intronyx.de\/#\/schema\/logo\/image\/\"}}]}<\/script>\n<!-- \/ Yoast SEO plugin. -->","yoast_head_json":{"title":"Dosiermaschinen - Pure for You","robots":{"index":"index","follow":"follow","max-snippet":"max-snippet:-1","max-image-preview":"max-image-preview:large","max-video-preview":"max-video-preview:-1"},"canonical":"https:\/\/intronyx.de\/?page_id=47","og_locale":"de_DE","og_type":"article","og_title":"Dosiermaschinen - Pure for You","og_description":"Pumpendosiermaschinen Typ HPP Unsere Dosiermaschinen begeistern unsere Kunden bez\u00fcglich Performance und Preis. Eine innovative Regelung erm\u00f6glicht den Verzicht auf Beh\u00e4lter-R\u00fchrwerke und garantiert h\u00f6chste Temperaturstabilit\u00e4t und MaterialeigenschaftBereits vielfach in Produktion und perfekt optimiert f\u00fcr den Einsatz auf B\u00fchnen. Produkteigenschaften und Highlights Kundenspezifische und produktabh\u00e4ngige Auslegung f\u00fcr kleine und gro\u00dfe AustragsmengenVerwendung von Bauteilen bester G\u00fcte garantieren h\u00f6chste [&hellip;]","og_url":"https:\/\/intronyx.de\/?page_id=47","og_site_name":"Pure for You","article_modified_time":"2024-04-22T16:24:41+00:00","twitter_card":"summary_large_image","twitter_misc":{"Gesch\u00e4tzte Lesezeit":"1 Minute"},"schema":{"@context":"https:\/\/schema.org","@graph":[{"@type":"WebPage","@id":"https:\/\/intronyx.de\/?page_id=47","url":"https:\/\/intronyx.de\/?page_id=47","name":"Dosiermaschinen - Pure for You","isPartOf":{"@id":"https:\/\/intronyx.de\/#website"},"datePublished":"2022-11-28T09:56:50+00:00","dateModified":"2024-04-22T16:24:41+00:00","breadcrumb":{"@id":"https:\/\/intronyx.de\/?page_id=47#breadcrumb"},"inLanguage":"de-DE","potentialAction":[{"@type":"ReadAction","target":["https:\/\/intronyx.de\/?page_id=47"]}]},{"@type":"BreadcrumbList","@id":"https:\/\/intronyx.de\/?page_id=47#breadcrumb","itemListElement":[{"@type":"ListItem","position":1,"name":"Startseite","item":"https:\/\/intronyx.de\/"},{"@type":"ListItem","position":2,"name":"Dosiermaschinen"}]},{"@type":"WebSite","@id":"https:\/\/intronyx.de\/#website","url":"https:\/\/intronyx.de\/","name":"intronyx GmbH & Co.KG","description":"","publisher":{"@id":"https:\/\/intronyx.de\/#organization"},"potentialAction":[{"@type":"SearchAction","target":{"@type":"EntryPoint","urlTemplate":"https:\/\/intronyx.de\/?s={search_term_string}"},"query-input":{"@type":"PropertyValueSpecification","valueRequired":true,"valueName":"search_term_string"}}],"inLanguage":"de-DE"},{"@type":"Organization","@id":"https:\/\/intronyx.de\/#organization","name":"intronyx","url":"https:\/\/intronyx.de\/","logo":{"@type":"ImageObject","inLanguage":"de-DE","@id":"https:\/\/intronyx.de\/#\/schema\/logo\/image\/","url":"https:\/\/intronyx.de\/wp-content\/uploads\/2022\/11\/cropped-cropped-5040@2x.jpg","contentUrl":"https:\/\/intronyx.de\/wp-content\/uploads\/2022\/11\/cropped-cropped-5040@2x.jpg","width":958,"height":201,"caption":"intronyx"},"image":{"@id":"https:\/\/intronyx.de\/#\/schema\/logo\/image\/"}}]}},"jetpack_sharing_enabled":true,"_links":{"self":[{"href":"https:\/\/intronyx.de\/index.php?rest_route=\/wp\/v2\/pages\/47"}],"collection":[{"href":"https:\/\/intronyx.de\/index.php?rest_route=\/wp\/v2\/pages"}],"about":[{"href":"https:\/\/intronyx.de\/index.php?rest_route=\/wp\/v2\/types\/page"}],"author":[{"embeddable":true,"href":"https:\/\/intronyx.de\/index.php?rest_route=\/wp\/v2\/users\/1"}],"replies":[{"embeddable":true,"href":"https:\/\/intronyx.de\/index.php?rest_route=%2Fwp%2Fv2%2Fcomments&post=47"}],"version-history":[{"count":3,"href":"https:\/\/intronyx.de\/index.php?rest_route=\/wp\/v2\/pages\/47\/revisions"}],"predecessor-version":[{"id":347,"href":"https:\/\/intronyx.de\/index.php?rest_route=\/wp\/v2\/pages\/47\/revisions\/347"}],"wp:attachment":[{"href":"https:\/\/intronyx.de\/index.php?rest_route=%2Fwp%2Fv2%2Fmedia&parent=47"}],"curies":[{"name":"wp","href":"https:\/\/api.w.org\/{rel}","templated":true}]}}