{"id":51,"date":"2022-11-28T09:28:22","date_gmt":"2022-11-28T09:28:22","guid":{"rendered":"https:\/\/intronyx.de\/?page_id=51"},"modified":"2023-11-09T15:01:23","modified_gmt":"2023-11-09T14:01:23","slug":"materialkonditionierung","status":"publish","type":"page","link":"https:\/\/intronyx.de\/?page_id=51","title":{"rendered":"Materialkonditionierung"},"content":{"rendered":"\n<p>Beimischung von Luft oder Gas zur Polyol-Komponente f\u00fcr Materialeinsparung, Verbesserung der Produkteigenschaften und Reduzierung des Nachbearbeitungsaufwands<\/p>\n\n\n\n<p class=\"has-medium-font-size\"><strong>Gas- \/ Luftbeladungseinheit<\/strong><\/p>\n\n\n\n<p><strong>Produkteigenschaften und Highlights<\/strong><\/p>\n\n\n\n<p>Kompaktbauweise auf gemeinsamem Maschinenrahmen<br>Optimale Beladung<br>Automatische Beladung und Manuelle Beladung m\u00f6glich<br>Statik-Mischer f\u00fcr Vermischung mit hoher G\u00fcte<br>Einfache Bedienung \u00fcber Touch-Panel<\/p>\n","protected":false},"excerpt":{"rendered":"<p>Beimischung von Luft oder Gas zur Polyol-Komponente f\u00fcr Materialeinsparung, Verbesserung der Produkteigenschaften und Reduzierung des Nachbearbeitungsaufwands Gas- \/ Luftbeladungseinheit Produkteigenschaften und Highlights Kompaktbauweise auf gemeinsamem MaschinenrahmenOptimale BeladungAutomatische Beladung und Manuelle Beladung m\u00f6glichStatik-Mischer f\u00fcr Vermischung mit hoher G\u00fcteEinfache Bedienung \u00fcber Touch-Panel<\/p>\n","protected":false},"author":1,"featured_media":0,"parent":0,"menu_order":0,"comment_status":"closed","ping_status":"closed","template":"","meta":{"footnotes":""},"class_list":["post-51","page","type-page","status-publish","hentry"],"yoast_head":"<!-- This site is optimized with the Yoast SEO plugin v25.6 - https:\/\/yoast.com\/wordpress\/plugins\/seo\/ -->\n<title>Materialkonditionierung - Pure for You<\/title>\n<meta name=\"robots\" content=\"index, follow, max-snippet:-1, max-image-preview:large, max-video-preview:-1\" \/>\n<link rel=\"canonical\" href=\"https:\/\/intronyx.de\/?page_id=51\" \/>\n<meta property=\"og:locale\" content=\"de_DE\" \/>\n<meta property=\"og:type\" content=\"article\" \/>\n<meta property=\"og:title\" content=\"Materialkonditionierung - Pure for You\" \/>\n<meta property=\"og:description\" content=\"Beimischung von Luft oder Gas zur Polyol-Komponente f\u00fcr Materialeinsparung, Verbesserung der Produkteigenschaften und Reduzierung des Nachbearbeitungsaufwands Gas- \/ Luftbeladungseinheit Produkteigenschaften und Highlights Kompaktbauweise auf gemeinsamem MaschinenrahmenOptimale BeladungAutomatische Beladung und Manuelle Beladung m\u00f6glichStatik-Mischer f\u00fcr Vermischung mit hoher G\u00fcteEinfache Bedienung \u00fcber Touch-Panel\" \/>\n<meta property=\"og:url\" content=\"https:\/\/intronyx.de\/?page_id=51\" \/>\n<meta property=\"og:site_name\" content=\"Pure for You\" \/>\n<meta property=\"article:modified_time\" content=\"2023-11-09T14:01:23+00:00\" \/>\n<meta name=\"twitter:card\" content=\"summary_large_image\" \/>\n<script type=\"application\/ld+json\" class=\"yoast-schema-graph\">{\"@context\":\"https:\/\/schema.org\",\"@graph\":[{\"@type\":\"WebPage\",\"@id\":\"https:\/\/intronyx.de\/?page_id=51\",\"url\":\"https:\/\/intronyx.de\/?page_id=51\",\"name\":\"Materialkonditionierung - Pure for You\",\"isPartOf\":{\"@id\":\"https:\/\/intronyx.de\/#website\"},\"datePublished\":\"2022-11-28T09:28:22+00:00\",\"dateModified\":\"2023-11-09T14:01:23+00:00\",\"breadcrumb\":{\"@id\":\"https:\/\/intronyx.de\/?page_id=51#breadcrumb\"},\"inLanguage\":\"de-DE\",\"potentialAction\":[{\"@type\":\"ReadAction\",\"target\":[\"https:\/\/intronyx.de\/?page_id=51\"]}]},{\"@type\":\"BreadcrumbList\",\"@id\":\"https:\/\/intronyx.de\/?page_id=51#breadcrumb\",\"itemListElement\":[{\"@type\":\"ListItem\",\"position\":1,\"name\":\"Startseite\",\"item\":\"https:\/\/intronyx.de\/\"},{\"@type\":\"ListItem\",\"position\":2,\"name\":\"Materialkonditionierung\"}]},{\"@type\":\"WebSite\",\"@id\":\"https:\/\/intronyx.de\/#website\",\"url\":\"https:\/\/intronyx.de\/\",\"name\":\"intronyx GmbH & Co.KG\",\"description\":\"\",\"publisher\":{\"@id\":\"https:\/\/intronyx.de\/#organization\"},\"potentialAction\":[{\"@type\":\"SearchAction\",\"target\":{\"@type\":\"EntryPoint\",\"urlTemplate\":\"https:\/\/intronyx.de\/?s={search_term_string}\"},\"query-input\":{\"@type\":\"PropertyValueSpecification\",\"valueRequired\":true,\"valueName\":\"search_term_string\"}}],\"inLanguage\":\"de-DE\"},{\"@type\":\"Organization\",\"@id\":\"https:\/\/intronyx.de\/#organization\",\"name\":\"intronyx\",\"url\":\"https:\/\/intronyx.de\/\",\"logo\":{\"@type\":\"ImageObject\",\"inLanguage\":\"de-DE\",\"@id\":\"https:\/\/intronyx.de\/#\/schema\/logo\/image\/\",\"url\":\"https:\/\/intronyx.de\/wp-content\/uploads\/2022\/11\/cropped-cropped-5040@2x.jpg\",\"contentUrl\":\"https:\/\/intronyx.de\/wp-content\/uploads\/2022\/11\/cropped-cropped-5040@2x.jpg\",\"width\":958,\"height\":201,\"caption\":\"intronyx\"},\"image\":{\"@id\":\"https:\/\/intronyx.de\/#\/schema\/logo\/image\/\"}}]}<\/script>\n<!-- \/ Yoast SEO plugin. -->","yoast_head_json":{"title":"Materialkonditionierung - Pure for You","robots":{"index":"index","follow":"follow","max-snippet":"max-snippet:-1","max-image-preview":"max-image-preview:large","max-video-preview":"max-video-preview:-1"},"canonical":"https:\/\/intronyx.de\/?page_id=51","og_locale":"de_DE","og_type":"article","og_title":"Materialkonditionierung - Pure for You","og_description":"Beimischung von Luft oder Gas zur Polyol-Komponente f\u00fcr Materialeinsparung, Verbesserung der Produkteigenschaften und Reduzierung des Nachbearbeitungsaufwands Gas- \/ Luftbeladungseinheit Produkteigenschaften und Highlights Kompaktbauweise auf gemeinsamem MaschinenrahmenOptimale BeladungAutomatische Beladung und Manuelle Beladung m\u00f6glichStatik-Mischer f\u00fcr Vermischung mit hoher G\u00fcteEinfache Bedienung \u00fcber Touch-Panel","og_url":"https:\/\/intronyx.de\/?page_id=51","og_site_name":"Pure for You","article_modified_time":"2023-11-09T14:01:23+00:00","twitter_card":"summary_large_image","schema":{"@context":"https:\/\/schema.org","@graph":[{"@type":"WebPage","@id":"https:\/\/intronyx.de\/?page_id=51","url":"https:\/\/intronyx.de\/?page_id=51","name":"Materialkonditionierung - Pure for You","isPartOf":{"@id":"https:\/\/intronyx.de\/#website"},"datePublished":"2022-11-28T09:28:22+00:00","dateModified":"2023-11-09T14:01:23+00:00","breadcrumb":{"@id":"https:\/\/intronyx.de\/?page_id=51#breadcrumb"},"inLanguage":"de-DE","potentialAction":[{"@type":"ReadAction","target":["https:\/\/intronyx.de\/?page_id=51"]}]},{"@type":"BreadcrumbList","@id":"https:\/\/intronyx.de\/?page_id=51#breadcrumb","itemListElement":[{"@type":"ListItem","position":1,"name":"Startseite","item":"https:\/\/intronyx.de\/"},{"@type":"ListItem","position":2,"name":"Materialkonditionierung"}]},{"@type":"WebSite","@id":"https:\/\/intronyx.de\/#website","url":"https:\/\/intronyx.de\/","name":"intronyx GmbH & Co.KG","description":"","publisher":{"@id":"https:\/\/intronyx.de\/#organization"},"potentialAction":[{"@type":"SearchAction","target":{"@type":"EntryPoint","urlTemplate":"https:\/\/intronyx.de\/?s={search_term_string}"},"query-input":{"@type":"PropertyValueSpecification","valueRequired":true,"valueName":"search_term_string"}}],"inLanguage":"de-DE"},{"@type":"Organization","@id":"https:\/\/intronyx.de\/#organization","name":"intronyx","url":"https:\/\/intronyx.de\/","logo":{"@type":"ImageObject","inLanguage":"de-DE","@id":"https:\/\/intronyx.de\/#\/schema\/logo\/image\/","url":"https:\/\/intronyx.de\/wp-content\/uploads\/2022\/11\/cropped-cropped-5040@2x.jpg","contentUrl":"https:\/\/intronyx.de\/wp-content\/uploads\/2022\/11\/cropped-cropped-5040@2x.jpg","width":958,"height":201,"caption":"intronyx"},"image":{"@id":"https:\/\/intronyx.de\/#\/schema\/logo\/image\/"}}]}},"jetpack_sharing_enabled":true,"_links":{"self":[{"href":"https:\/\/intronyx.de\/index.php?rest_route=\/wp\/v2\/pages\/51"}],"collection":[{"href":"https:\/\/intronyx.de\/index.php?rest_route=\/wp\/v2\/pages"}],"about":[{"href":"https:\/\/intronyx.de\/index.php?rest_route=\/wp\/v2\/types\/page"}],"author":[{"embeddable":true,"href":"https:\/\/intronyx.de\/index.php?rest_route=\/wp\/v2\/users\/1"}],"replies":[{"embeddable":true,"href":"https:\/\/intronyx.de\/index.php?rest_route=%2Fwp%2Fv2%2Fcomments&post=51"}],"version-history":[{"count":1,"href":"https:\/\/intronyx.de\/index.php?rest_route=\/wp\/v2\/pages\/51\/revisions"}],"predecessor-version":[{"id":52,"href":"https:\/\/intronyx.de\/index.php?rest_route=\/wp\/v2\/pages\/51\/revisions\/52"}],"wp:attachment":[{"href":"https:\/\/intronyx.de\/index.php?rest_route=%2Fwp%2Fv2%2Fmedia&parent=51"}],"curies":[{"name":"wp","href":"https:\/\/api.w.org\/{rel}","templated":true}]}}