{"id":57,"date":"2022-11-28T09:34:44","date_gmt":"2022-11-28T08:34:44","guid":{"rendered":"https:\/\/intronyx.de\/?page_id=57"},"modified":"2023-11-09T15:01:54","modified_gmt":"2023-11-09T14:01:54","slug":"robotertechnik","status":"publish","type":"page","link":"https:\/\/intronyx.de\/?page_id=57","title":{"rendered":"Robotertechnik"},"content":{"rendered":"\n<p>Universell konfigurierbar f\u00fcr verschiedenste Anwendungen, z.B.<br>Beflammen | Ultraschallschwei\u00dfen | Kleben | F\u00fcgen | Best\u00fccken<\/p>\n\n\n\n<p class=\"has-medium-font-size\"><strong>Produkteigenschaften und Highlights<\/strong><\/p>\n\n\n\n<p>Kompakte Bauweise auf gemeinsamer Plattform<br>Transparente Zelle aus Alu-Konstruktionsprofil (wahlweise mit Makrolon-Scheiben oder Gitterprofilen)<br>Einfache Zentrierung der Werkzeuge durch \u201aplug-in\u2018-System<br>Visualisierung mit Touch-Panel und benutzerfreundlicher Bedienoberfl\u00e4che<\/p>\n\n\n\n<p><strong>Optionen:<\/strong><br>Verschiebetische mit Servo-Achsen und Linearf\u00fchrung<br>Vertikales Entnahmehandling mit Greifern f\u00fcr \u201aempty-nest\u2018-Funktion\u201c<br>Integriertes Werkzeugwechsel-System f\u00fcr schnellen und ergonomischen Wechsel<br>Werkzeugwechsel-Wagen f\u00fcr einfachen und optimierten Werkzeugwechsel<\/p>\n\n\n\n<div class=\"wp-block-jetpack-slideshow aligncenter\" data-autoplay=\"true\" data-delay=\"3\" data-effect=\"slide\"><div class=\"wp-block-jetpack-slideshow_container swiper-container\"><ul class=\"wp-block-jetpack-slideshow_swiper-wrapper swiper-wrapper\"><li class=\"wp-block-jetpack-slideshow_slide swiper-slide\"><figure><img fetchpriority=\"high\" decoding=\"async\" width=\"768\" height=\"1024\" alt=\"\" class=\"wp-block-jetpack-slideshow_image wp-image-374\" data-id=\"374\" src=\"https:\/\/intronyx.de\/wp-content\/uploads\/2023\/11\/20211117_143329-768x1024.jpg\" srcset=\"https:\/\/intronyx.de\/wp-content\/uploads\/2023\/11\/20211117_143329-768x1024.jpg 768w, https:\/\/intronyx.de\/wp-content\/uploads\/2023\/11\/20211117_143329-225x300.jpg 225w, https:\/\/intronyx.de\/wp-content\/uploads\/2023\/11\/20211117_143329-1152x1536.jpg 1152w, https:\/\/intronyx.de\/wp-content\/uploads\/2023\/11\/20211117_143329-1536x2048.jpg 1536w, https:\/\/intronyx.de\/wp-content\/uploads\/2023\/11\/20211117_143329-scaled.jpg 1920w\" sizes=\"(max-width: 768px) 100vw, 768px\" \/><figcaption class=\"wp-block-jetpack-slideshow_caption gallery-caption\">Anlage zur Klammerbefestigung von Kartonboxen auf Paletten<\/figcaption><\/figure><\/li><li class=\"wp-block-jetpack-slideshow_slide swiper-slide\"><figure><img decoding=\"async\" width=\"683\" height=\"1024\" alt=\"\" class=\"wp-block-jetpack-slideshow_image wp-image-187\" data-id=\"187\" src=\"https:\/\/intronyx.de\/wp-content\/uploads\/2023\/01\/SKI_190207-14-683x1024.jpg\" srcset=\"https:\/\/intronyx.de\/wp-content\/uploads\/2023\/01\/SKI_190207-14-683x1024.jpg 683w, https:\/\/intronyx.de\/wp-content\/uploads\/2023\/01\/SKI_190207-14-200x300.jpg 200w, https:\/\/intronyx.de\/wp-content\/uploads\/2023\/01\/SKI_190207-14-768x1152.jpg 768w, https:\/\/intronyx.de\/wp-content\/uploads\/2023\/01\/SKI_190207-14-1024x1536.jpg 1024w, https:\/\/intronyx.de\/wp-content\/uploads\/2023\/01\/SKI_190207-14-1365x2048.jpg 1365w, https:\/\/intronyx.de\/wp-content\/uploads\/2023\/01\/SKI_190207-14-scaled.jpg 1707w\" sizes=\"(max-width: 683px) 100vw, 683px\" \/><figcaption class=\"wp-block-jetpack-slideshow_caption gallery-caption\">Roboter mit Mischkopf f\u00fcr offenes PUR-Sch\u00e4umen<\/figcaption><\/figure><\/li><li class=\"wp-block-jetpack-slideshow_slide swiper-slide\"><figure><img decoding=\"async\" width=\"1024\" height=\"816\" alt=\"\" class=\"wp-block-jetpack-slideshow_image wp-image-373\" data-id=\"373\" src=\"https:\/\/intronyx.de\/wp-content\/uploads\/2023\/11\/RZ1-1024x816.jpg\" srcset=\"https:\/\/intronyx.de\/wp-content\/uploads\/2023\/11\/RZ1-1024x816.jpg 1024w, https:\/\/intronyx.de\/wp-content\/uploads\/2023\/11\/RZ1-300x239.jpg 300w, https:\/\/intronyx.de\/wp-content\/uploads\/2023\/11\/RZ1-768x612.jpg 768w, https:\/\/intronyx.de\/wp-content\/uploads\/2023\/11\/RZ1-1536x1223.jpg 1536w, https:\/\/intronyx.de\/wp-content\/uploads\/2023\/11\/RZ1-2048x1631.jpg 2048w\" sizes=\"(max-width: 1024px) 100vw, 1024px\" \/><figcaption class=\"wp-block-jetpack-slideshow_caption gallery-caption\">Ultraschallschwei\u00dfanlage mit Wechseltisch und Open-Nest<\/figcaption><\/figure><\/li><li class=\"wp-block-jetpack-slideshow_slide swiper-slide\"><figure><img loading=\"lazy\" decoding=\"async\" width=\"1024\" height=\"683\" alt=\"\" class=\"wp-block-jetpack-slideshow_image wp-image-369\" data-id=\"369\" src=\"https:\/\/intronyx.de\/wp-content\/uploads\/2023\/11\/IMG_0627-1024x683.jpg\" srcset=\"https:\/\/intronyx.de\/wp-content\/uploads\/2023\/11\/IMG_0627-1024x683.jpg 1024w, https:\/\/intronyx.de\/wp-content\/uploads\/2023\/11\/IMG_0627-300x200.jpg 300w, https:\/\/intronyx.de\/wp-content\/uploads\/2023\/11\/IMG_0627-768x512.jpg 768w, https:\/\/intronyx.de\/wp-content\/uploads\/2023\/11\/IMG_0627.jpg 1068w\" sizes=\"(max-width: 1024px) 100vw, 1024px\" \/><figcaption class=\"wp-block-jetpack-slideshow_caption gallery-caption\">USS-Schwei\u00dfen<\/figcaption><\/figure><\/li><li class=\"wp-block-jetpack-slideshow_slide swiper-slide\"><figure><img loading=\"lazy\" decoding=\"async\" width=\"1024\" height=\"1024\" alt=\"\" class=\"wp-block-jetpack-slideshow_image wp-image-367\" data-id=\"367\" src=\"https:\/\/intronyx.de\/wp-content\/uploads\/2023\/11\/IMG-20211118-WA0006-1024x1024.jpg\" srcset=\"https:\/\/intronyx.de\/wp-content\/uploads\/2023\/11\/IMG-20211118-WA0006-1024x1024.jpg 1024w, https:\/\/intronyx.de\/wp-content\/uploads\/2023\/11\/IMG-20211118-WA0006-300x300.jpg 300w, https:\/\/intronyx.de\/wp-content\/uploads\/2023\/11\/IMG-20211118-WA0006-150x150.jpg 150w, https:\/\/intronyx.de\/wp-content\/uploads\/2023\/11\/IMG-20211118-WA0006-768x768.jpg 768w, https:\/\/intronyx.de\/wp-content\/uploads\/2023\/11\/IMG-20211118-WA0006.jpg 1372w\" sizes=\"(max-width: 1024px) 100vw, 1024px\" \/><figcaption class=\"wp-block-jetpack-slideshow_caption gallery-caption\">Impressionen<\/figcaption><\/figure><\/li><li class=\"wp-block-jetpack-slideshow_slide swiper-slide\"><figure><img loading=\"lazy\" decoding=\"async\" width=\"683\" height=\"1024\" alt=\"\" class=\"wp-block-jetpack-slideshow_image wp-image-186\" data-id=\"186\" src=\"https:\/\/intronyx.de\/wp-content\/uploads\/2023\/01\/SKI_190207-15-683x1024.jpg\" srcset=\"https:\/\/intronyx.de\/wp-content\/uploads\/2023\/01\/SKI_190207-15-683x1024.jpg 683w, https:\/\/intronyx.de\/wp-content\/uploads\/2023\/01\/SKI_190207-15-200x300.jpg 200w, https:\/\/intronyx.de\/wp-content\/uploads\/2023\/01\/SKI_190207-15-768x1152.jpg 768w, https:\/\/intronyx.de\/wp-content\/uploads\/2023\/01\/SKI_190207-15-1024x1536.jpg 1024w, https:\/\/intronyx.de\/wp-content\/uploads\/2023\/01\/SKI_190207-15-1365x2048.jpg 1365w, https:\/\/intronyx.de\/wp-content\/uploads\/2023\/01\/SKI_190207-15-scaled.jpg 1707w\" sizes=\"(max-width: 683px) 100vw, 683px\" \/><figcaption class=\"wp-block-jetpack-slideshow_caption gallery-caption\">Roboter mit Mischkopf f\u00fcr offenes PUR-Sch\u00e4umen<\/figcaption><\/figure><\/li><li class=\"wp-block-jetpack-slideshow_slide swiper-slide\"><figure><img loading=\"lazy\" decoding=\"async\" width=\"150\" height=\"150\" alt=\"\" class=\"wp-block-jetpack-slideshow_image wp-image-185\" data-id=\"185\" src=\"https:\/\/intronyx.de\/wp-content\/uploads\/2023\/01\/intronyx_web_unterseite2neu_05-150x150.jpg\"\/><figcaption class=\"wp-block-jetpack-slideshow_caption gallery-caption\">Ultraschallschwei\u00dfanlage mit Wechseltisch und Open-Nest<\/figcaption><\/figure><\/li><\/ul><a class=\"wp-block-jetpack-slideshow_button-prev swiper-button-prev swiper-button-white\" role=\"button\"><\/a><a class=\"wp-block-jetpack-slideshow_button-next swiper-button-next swiper-button-white\" role=\"button\"><\/a><a aria-label=\"Pause Slideshow\" class=\"wp-block-jetpack-slideshow_button-pause\" role=\"button\"><\/a><div class=\"wp-block-jetpack-slideshow_pagination swiper-pagination swiper-pagination-white\"><\/div><\/div><\/div>\n","protected":false},"excerpt":{"rendered":"<p>Universell konfigurierbar f\u00fcr verschiedenste Anwendungen, z.B.Beflammen | Ultraschallschwei\u00dfen | Kleben | F\u00fcgen | Best\u00fccken Produkteigenschaften und Highlights Kompakte Bauweise auf gemeinsamer PlattformTransparente Zelle aus Alu-Konstruktionsprofil (wahlweise mit Makrolon-Scheiben oder Gitterprofilen)Einfache Zentrierung der Werkzeuge durch \u201aplug-in\u2018-SystemVisualisierung mit Touch-Panel und benutzerfreundlicher Bedienoberfl\u00e4che Optionen:Verschiebetische mit Servo-Achsen und Linearf\u00fchrungVertikales Entnahmehandling mit Greifern f\u00fcr \u201aempty-nest\u2018-Funktion\u201cIntegriertes Werkzeugwechsel-System f\u00fcr schnellen und ergonomischen [&hellip;]<\/p>\n","protected":false},"author":1,"featured_media":0,"parent":0,"menu_order":0,"comment_status":"closed","ping_status":"closed","template":"","meta":{"footnotes":""},"class_list":["post-57","page","type-page","status-publish","hentry"],"yoast_head":"<!-- This site is optimized with the Yoast SEO plugin v25.6 - https:\/\/yoast.com\/wordpress\/plugins\/seo\/ -->\n<title>Robotertechnik - Pure for You<\/title>\n<meta name=\"robots\" content=\"index, follow, max-snippet:-1, max-image-preview:large, max-video-preview:-1\" \/>\n<link rel=\"canonical\" href=\"https:\/\/intronyx.de\/?page_id=57\" \/>\n<meta property=\"og:locale\" content=\"de_DE\" \/>\n<meta property=\"og:type\" content=\"article\" \/>\n<meta property=\"og:title\" content=\"Robotertechnik - Pure for You\" \/>\n<meta property=\"og:description\" content=\"Universell konfigurierbar f\u00fcr verschiedenste Anwendungen, z.B.Beflammen | Ultraschallschwei\u00dfen | Kleben | F\u00fcgen | Best\u00fccken Produkteigenschaften und Highlights Kompakte Bauweise auf gemeinsamer PlattformTransparente Zelle aus Alu-Konstruktionsprofil (wahlweise mit Makrolon-Scheiben oder Gitterprofilen)Einfache Zentrierung der Werkzeuge durch \u201aplug-in\u2018-SystemVisualisierung mit Touch-Panel und benutzerfreundlicher Bedienoberfl\u00e4che Optionen:Verschiebetische mit Servo-Achsen und Linearf\u00fchrungVertikales Entnahmehandling mit Greifern f\u00fcr \u201aempty-nest\u2018-Funktion\u201cIntegriertes Werkzeugwechsel-System f\u00fcr schnellen und ergonomischen [&hellip;]\" \/>\n<meta property=\"og:url\" content=\"https:\/\/intronyx.de\/?page_id=57\" \/>\n<meta property=\"og:site_name\" content=\"Pure for You\" \/>\n<meta property=\"article:modified_time\" content=\"2023-11-09T14:01:54+00:00\" \/>\n<meta property=\"og:image\" content=\"https:\/\/intronyx.de\/wp-content\/uploads\/2023\/11\/20211117_143329-768x1024.jpg\" \/>\n<meta name=\"twitter:card\" content=\"summary_large_image\" \/>\n<meta name=\"twitter:label1\" content=\"Gesch\u00e4tzte Lesezeit\" \/>\n\t<meta name=\"twitter:data1\" content=\"2 Minuten\" \/>\n<script type=\"application\/ld+json\" class=\"yoast-schema-graph\">{\"@context\":\"https:\/\/schema.org\",\"@graph\":[{\"@type\":\"WebPage\",\"@id\":\"https:\/\/intronyx.de\/?page_id=57\",\"url\":\"https:\/\/intronyx.de\/?page_id=57\",\"name\":\"Robotertechnik - Pure for You\",\"isPartOf\":{\"@id\":\"https:\/\/intronyx.de\/#website\"},\"primaryImageOfPage\":{\"@id\":\"https:\/\/intronyx.de\/?page_id=57#primaryimage\"},\"image\":{\"@id\":\"https:\/\/intronyx.de\/?page_id=57#primaryimage\"},\"thumbnailUrl\":\"https:\/\/intronyx.de\/wp-content\/uploads\/2023\/11\/20211117_143329-768x1024.jpg\",\"datePublished\":\"2022-11-28T08:34:44+00:00\",\"dateModified\":\"2023-11-09T14:01:54+00:00\",\"breadcrumb\":{\"@id\":\"https:\/\/intronyx.de\/?page_id=57#breadcrumb\"},\"inLanguage\":\"de-DE\",\"potentialAction\":[{\"@type\":\"ReadAction\",\"target\":[\"https:\/\/intronyx.de\/?page_id=57\"]}]},{\"@type\":\"ImageObject\",\"inLanguage\":\"de-DE\",\"@id\":\"https:\/\/intronyx.de\/?page_id=57#primaryimage\",\"url\":\"https:\/\/intronyx.de\/wp-content\/uploads\/2023\/11\/20211117_143329-scaled.jpg\",\"contentUrl\":\"https:\/\/intronyx.de\/wp-content\/uploads\/2023\/11\/20211117_143329-scaled.jpg\",\"width\":1920,\"height\":2560,\"caption\":\"Anlage zur Klammerbefestigung von Kartonboxen auf Paletten\"},{\"@type\":\"BreadcrumbList\",\"@id\":\"https:\/\/intronyx.de\/?page_id=57#breadcrumb\",\"itemListElement\":[{\"@type\":\"ListItem\",\"position\":1,\"name\":\"Startseite\",\"item\":\"https:\/\/intronyx.de\/\"},{\"@type\":\"ListItem\",\"position\":2,\"name\":\"Robotertechnik\"}]},{\"@type\":\"WebSite\",\"@id\":\"https:\/\/intronyx.de\/#website\",\"url\":\"https:\/\/intronyx.de\/\",\"name\":\"intronyx GmbH & Co.KG\",\"description\":\"\",\"publisher\":{\"@id\":\"https:\/\/intronyx.de\/#organization\"},\"potentialAction\":[{\"@type\":\"SearchAction\",\"target\":{\"@type\":\"EntryPoint\",\"urlTemplate\":\"https:\/\/intronyx.de\/?s={search_term_string}\"},\"query-input\":{\"@type\":\"PropertyValueSpecification\",\"valueRequired\":true,\"valueName\":\"search_term_string\"}}],\"inLanguage\":\"de-DE\"},{\"@type\":\"Organization\",\"@id\":\"https:\/\/intronyx.de\/#organization\",\"name\":\"intronyx\",\"url\":\"https:\/\/intronyx.de\/\",\"logo\":{\"@type\":\"ImageObject\",\"inLanguage\":\"de-DE\",\"@id\":\"https:\/\/intronyx.de\/#\/schema\/logo\/image\/\",\"url\":\"https:\/\/intronyx.de\/wp-content\/uploads\/2022\/11\/cropped-cropped-5040@2x.jpg\",\"contentUrl\":\"https:\/\/intronyx.de\/wp-content\/uploads\/2022\/11\/cropped-cropped-5040@2x.jpg\",\"width\":958,\"height\":201,\"caption\":\"intronyx\"},\"image\":{\"@id\":\"https:\/\/intronyx.de\/#\/schema\/logo\/image\/\"}}]}<\/script>\n<!-- \/ Yoast SEO plugin. -->","yoast_head_json":{"title":"Robotertechnik - Pure for You","robots":{"index":"index","follow":"follow","max-snippet":"max-snippet:-1","max-image-preview":"max-image-preview:large","max-video-preview":"max-video-preview:-1"},"canonical":"https:\/\/intronyx.de\/?page_id=57","og_locale":"de_DE","og_type":"article","og_title":"Robotertechnik - Pure for You","og_description":"Universell konfigurierbar f\u00fcr verschiedenste Anwendungen, z.B.Beflammen | Ultraschallschwei\u00dfen | Kleben | F\u00fcgen | Best\u00fccken Produkteigenschaften und Highlights Kompakte Bauweise auf gemeinsamer PlattformTransparente Zelle aus Alu-Konstruktionsprofil (wahlweise mit Makrolon-Scheiben oder Gitterprofilen)Einfache Zentrierung der Werkzeuge durch \u201aplug-in\u2018-SystemVisualisierung mit Touch-Panel und benutzerfreundlicher Bedienoberfl\u00e4che Optionen:Verschiebetische mit Servo-Achsen und Linearf\u00fchrungVertikales Entnahmehandling mit Greifern f\u00fcr \u201aempty-nest\u2018-Funktion\u201cIntegriertes Werkzeugwechsel-System f\u00fcr schnellen und ergonomischen [&hellip;]","og_url":"https:\/\/intronyx.de\/?page_id=57","og_site_name":"Pure for You","article_modified_time":"2023-11-09T14:01:54+00:00","og_image":[{"url":"https:\/\/intronyx.de\/wp-content\/uploads\/2023\/11\/20211117_143329-768x1024.jpg","type":"","width":"","height":""}],"twitter_card":"summary_large_image","twitter_misc":{"Gesch\u00e4tzte Lesezeit":"2 Minuten"},"schema":{"@context":"https:\/\/schema.org","@graph":[{"@type":"WebPage","@id":"https:\/\/intronyx.de\/?page_id=57","url":"https:\/\/intronyx.de\/?page_id=57","name":"Robotertechnik - Pure for You","isPartOf":{"@id":"https:\/\/intronyx.de\/#website"},"primaryImageOfPage":{"@id":"https:\/\/intronyx.de\/?page_id=57#primaryimage"},"image":{"@id":"https:\/\/intronyx.de\/?page_id=57#primaryimage"},"thumbnailUrl":"https:\/\/intronyx.de\/wp-content\/uploads\/2023\/11\/20211117_143329-768x1024.jpg","datePublished":"2022-11-28T08:34:44+00:00","dateModified":"2023-11-09T14:01:54+00:00","breadcrumb":{"@id":"https:\/\/intronyx.de\/?page_id=57#breadcrumb"},"inLanguage":"de-DE","potentialAction":[{"@type":"ReadAction","target":["https:\/\/intronyx.de\/?page_id=57"]}]},{"@type":"ImageObject","inLanguage":"de-DE","@id":"https:\/\/intronyx.de\/?page_id=57#primaryimage","url":"https:\/\/intronyx.de\/wp-content\/uploads\/2023\/11\/20211117_143329-scaled.jpg","contentUrl":"https:\/\/intronyx.de\/wp-content\/uploads\/2023\/11\/20211117_143329-scaled.jpg","width":1920,"height":2560,"caption":"Anlage zur Klammerbefestigung von Kartonboxen auf Paletten"},{"@type":"BreadcrumbList","@id":"https:\/\/intronyx.de\/?page_id=57#breadcrumb","itemListElement":[{"@type":"ListItem","position":1,"name":"Startseite","item":"https:\/\/intronyx.de\/"},{"@type":"ListItem","position":2,"name":"Robotertechnik"}]},{"@type":"WebSite","@id":"https:\/\/intronyx.de\/#website","url":"https:\/\/intronyx.de\/","name":"intronyx GmbH & Co.KG","description":"","publisher":{"@id":"https:\/\/intronyx.de\/#organization"},"potentialAction":[{"@type":"SearchAction","target":{"@type":"EntryPoint","urlTemplate":"https:\/\/intronyx.de\/?s={search_term_string}"},"query-input":{"@type":"PropertyValueSpecification","valueRequired":true,"valueName":"search_term_string"}}],"inLanguage":"de-DE"},{"@type":"Organization","@id":"https:\/\/intronyx.de\/#organization","name":"intronyx","url":"https:\/\/intronyx.de\/","logo":{"@type":"ImageObject","inLanguage":"de-DE","@id":"https:\/\/intronyx.de\/#\/schema\/logo\/image\/","url":"https:\/\/intronyx.de\/wp-content\/uploads\/2022\/11\/cropped-cropped-5040@2x.jpg","contentUrl":"https:\/\/intronyx.de\/wp-content\/uploads\/2022\/11\/cropped-cropped-5040@2x.jpg","width":958,"height":201,"caption":"intronyx"},"image":{"@id":"https:\/\/intronyx.de\/#\/schema\/logo\/image\/"}}]}},"jetpack_sharing_enabled":true,"_links":{"self":[{"href":"https:\/\/intronyx.de\/index.php?rest_route=\/wp\/v2\/pages\/57"}],"collection":[{"href":"https:\/\/intronyx.de\/index.php?rest_route=\/wp\/v2\/pages"}],"about":[{"href":"https:\/\/intronyx.de\/index.php?rest_route=\/wp\/v2\/types\/page"}],"author":[{"embeddable":true,"href":"https:\/\/intronyx.de\/index.php?rest_route=\/wp\/v2\/users\/1"}],"replies":[{"embeddable":true,"href":"https:\/\/intronyx.de\/index.php?rest_route=%2Fwp%2Fv2%2Fcomments&post=57"}],"version-history":[{"count":8,"href":"https:\/\/intronyx.de\/index.php?rest_route=\/wp\/v2\/pages\/57\/revisions"}],"predecessor-version":[{"id":399,"href":"https:\/\/intronyx.de\/index.php?rest_route=\/wp\/v2\/pages\/57\/revisions\/399"}],"wp:attachment":[{"href":"https:\/\/intronyx.de\/index.php?rest_route=%2Fwp%2Fv2%2Fmedia&parent=57"}],"curies":[{"name":"wp","href":"https:\/\/api.w.org\/{rel}","templated":true}]}}