{"id":59,"date":"2022-11-28T10:37:41","date_gmt":"2022-11-28T09:37:41","guid":{"rendered":"https:\/\/intronyx.de\/?page_id=59"},"modified":"2023-11-09T15:01:48","modified_gmt":"2023-11-09T14:01:48","slug":"reaktionstechnik","status":"publish","type":"page","link":"https:\/\/intronyx.de\/?page_id=59","title":{"rendered":"Reaktionstechnik"},"content":{"rendered":"\n<p class=\"has-medium-font-size\"><strong>PURformance follows Function<\/strong><\/p>\n\n\n\n<p class=\"has-medium-font-size\"><br><strong>FoamFlex<\/strong><br>Neuartiges PUR-Komplettsystem mit modularem Aufbau f\u00fcr eine flexible und wirtschaftliche Nutzung der Produktionskapazit\u00e4ten im Serienanlauf und -auslauf<\/p>\n\n\n\n<p><strong>Produkteigenschaften und Highlights<\/strong><\/p>\n\n\n\n<p>Kompakte Bauweise mit Arbeitsb\u00fchne f\u00fcr geringen Platzbedarf<br>Aufbau bzw. Abbau der kompletten Anlage innerhalb eines Tages m\u00f6glich<br>Master \/ Slave-Konzept f\u00fcr wirtschaftliche und bedarfsgerechte Einbindung weiterer Anlagen<br>Einsatz des bew\u00e4hrten vollelektrischen Formentr\u00e4gers<br>Wartungsarm und langlebig durch Verwendung von Komponenten h\u00f6chster G\u00fcte<br>Visualisierung mit Touch-Panel und benutzerfreundlicher Bedienoberfl\u00e4che<br>Umfangreiche Sicherheitseinrichtungen f\u00fcr optimalen Personenschutz<\/p>\n\n\n\n<p><strong>Optionen<\/strong><br>Optimale Integration eines Roboters f\u00fcr offenen Schaumeintrag mittels Traverse<br>Bei Bedarf schnelle Aufr\u00fcstung von Slave- auf Masteranlage m\u00f6glich<br>Br\u00fccke f\u00fcr einfachen Zugang zur Arbeitsplattform benachbarter Anlagen<br>Materialbereitstellung mit Fass- oder Container-Station<br>\u2003<\/p>\n\n\n\n<p><\/p>\n\n\n<div class=\"oxi-addons-container   oxi-addons-flipbox-template-style1\">        <div class=\"oxilab-flip-box-wrapper\">\n                                <div class=\"oxilab-flip-box-col-2 oxilab-flip-box-padding-2\"\n                        sa-data-animation=\"\"\n                        sa-data-animation-offset=\"100%\"\n                        sa-data-animation-delay=\"0ms\"\n                        sa-data-animation-duration=\" 2000ms\"\n                        >\n                        <div class=\"  oxilab-flip-box-body-2 oxilab-flip-box-body-2-8\">\n                                                        <div class=\"oxilab-flip-box-body-absulote\">\n                                <div class=\"oxilab-flip-box-flip oxilab-flip-box-flip-top-to-bottom\">\n                                    <div class=\"oxilab-flip-box-style-data easing_easeOutBack\">\n                                        <div class=\"oxilab-flip-box-style\">\n                                            <div class=\"oxilab-flip-box-front\">\n                                                <div class=\"oxilab-flip-box-2\">\n                                                    <div class=\"oxilab-flip-box-2-data\">\n                                                        <div class=\"oxilab-flip-box-2-image\">\n                                                            <img decoding=\"async\" src=\"https:\/\/intronyx.de\/wp-content\/uploads\/2023\/01\/S_FF.gif\" \n                                                            alt=\"\"                                                            >\n\n                                                            <div class=\"oxilab-flip-box-2-image-icon\">\n                                                                        <i class=\"fas fa-archway oxi-icons\"><\/i>\n                                                                    <\/div>\n                                                        <\/div>\n                                                        <div class=\"oxilab-flip-box-2-heading\">\n                                                            <div class=\"oxilab-flip-box-2-heading-data\">\n                                                                Formentr\u00e4ger                                                            <\/div>\n                                                        <\/div>\n                                                    <\/div>\n                                                <\/div>\n                                            <\/div>\n                                            <div class=\"oxilab-flip-box-back\">\n                                                <div class=\"oxilab-flip-box-back-2\">\n                                                    <div class=\"oxilab-flip-box-back-2-data\">\n                                                        <div class=\"oxilab-flip-box-back-2-file\">\n                                                            <div class=\"oxilab-info\">\n                                                                Formentr\u00e4ger f\u00fcr die besten Teile                                                            <\/div>\n                                                                                                                            <div class=\"oxilab-button\">\n                                                                    <a href=\"https:\/\/intronyx.de\/?page_id=55\" target=\"\">\n                                                                        <span class=\"oxilab-button-data\">\n                                                                            Erfahre mehr                                                                        <\/span>\n                                                                    <\/a>\n                                                                <\/div>\n                                                                                                                        <\/div>\n                                                    <\/div>\n                                                <\/div>\n                                            <\/div>\n                                        <\/div>\n                                    <\/div>\n                                <\/div>\n                            <\/div>\n                                                    <\/div>\n\n                                            <\/div>\n                                        <div class=\"oxilab-flip-box-col-2 oxilab-flip-box-padding-2\"\n                        sa-data-animation=\"\"\n                        sa-data-animation-offset=\"100%\"\n                        sa-data-animation-delay=\"0ms\"\n                        sa-data-animation-duration=\" 2000ms\"\n                        >\n                        <div class=\"  oxilab-flip-box-body-2 oxilab-flip-box-body-2-9\">\n                                                        <div class=\"oxilab-flip-box-body-absulote\">\n                                <div class=\"oxilab-flip-box-flip oxilab-flip-box-flip-top-to-bottom\">\n                                    <div class=\"oxilab-flip-box-style-data easing_easeOutBack\">\n                                        <div class=\"oxilab-flip-box-style\">\n                                            <div class=\"oxilab-flip-box-front\">\n                                                <div class=\"oxilab-flip-box-2\">\n                                                    <div class=\"oxilab-flip-box-2-data\">\n                                                        <div class=\"oxilab-flip-box-2-image\">\n                                                            <img decoding=\"async\" src=\"https:\/\/intronyx.de\/wp-content\/uploads\/2023\/01\/nt3-scaled.jpg\" \n                                                            alt=\"\"                                                            >\n\n                                                            <div class=\"oxilab-flip-box-2-image-icon\">\n                                                                        <i class=\"fas fa-angle-double-up oxi-icons\"><\/i>\n                                                                    <\/div>\n                                                        <\/div>\n                                                        <div class=\"oxilab-flip-box-2-heading\">\n                                                            <div class=\"oxilab-flip-box-2-heading-data\">\n                                                                Dosiermaschinen                                                            <\/div>\n                                                        <\/div>\n                                                    <\/div>\n                                                <\/div>\n                                            <\/div>\n                                            <div class=\"oxilab-flip-box-back\">\n                                                <div class=\"oxilab-flip-box-back-2\">\n                                                    <div class=\"oxilab-flip-box-back-2-data\">\n                                                        <div class=\"oxilab-flip-box-back-2-file\">\n                                                            <div class=\"oxilab-info\">\n                                                                Dosiermaschinen f\u00fcr jeden Bedarf                                                            <\/div>\n                                                                                                                            <div class=\"oxilab-button\">\n                                                                    <a href=\"https:\/\/intronyx.de\/?page_id=47\" target=\"\">\n                                                                        <span class=\"oxilab-button-data\">\n                                                                            Get more                                                                        <\/span>\n                                                                    <\/a>\n                                                                <\/div>\n                                                                                                                        <\/div>\n                                                    <\/div>\n                                                <\/div>\n                                            <\/div>\n                                        <\/div>\n                                    <\/div>\n                                <\/div>\n                            <\/div>\n                                                    <\/div>\n\n                                            <\/div>\n                                        <div class=\"oxilab-flip-box-col-2 oxilab-flip-box-padding-2\"\n                        sa-data-animation=\"\"\n                        sa-data-animation-offset=\"100%\"\n                        sa-data-animation-delay=\"0ms\"\n                        sa-data-animation-duration=\" 2000ms\"\n                        >\n                        <div class=\"  oxilab-flip-box-body-2 oxilab-flip-box-body-2-10\">\n                                                        <div class=\"oxilab-flip-box-body-absulote\">\n                                <div class=\"oxilab-flip-box-flip oxilab-flip-box-flip-top-to-bottom\">\n                                    <div class=\"oxilab-flip-box-style-data easing_easeOutBack\">\n                                        <div class=\"oxilab-flip-box-style\">\n                                            <div class=\"oxilab-flip-box-front\">\n                                                <div class=\"oxilab-flip-box-2\">\n                                                    <div class=\"oxilab-flip-box-2-data\">\n                                                        <div class=\"oxilab-flip-box-2-image\">\n                                                            <img decoding=\"async\" src=\"https:\/\/intronyx.de\/wp-content\/uploads\/2023\/01\/SKI_190315-26-scaled.jpg\" \n                                                            alt=\"\"                                                            >\n\n                                                            <div class=\"oxilab-flip-box-2-image-icon\">\n                                                                        <i class=\"fas fa-angle-double-right oxi-icons\"><\/i>\n                                                                    <\/div>\n                                                        <\/div>\n                                                        <div class=\"oxilab-flip-box-2-heading\">\n                                                            <div class=\"oxilab-flip-box-2-heading-data\">\n                                                                Materialzuf\u00fchrung                                                            <\/div>\n                                                        <\/div>\n                                                    <\/div>\n                                                <\/div>\n                                            <\/div>\n                                            <div class=\"oxilab-flip-box-back\">\n                                                <div class=\"oxilab-flip-box-back-2\">\n                                                    <div class=\"oxilab-flip-box-back-2-data\">\n                                                        <div class=\"oxilab-flip-box-back-2-file\">\n                                                            <div class=\"oxilab-info\">\n                                                                Bringt das PUR dahin wo es gebraucht wird                                                            <\/div>\n                                                                                                                            <div class=\"oxilab-button\">\n                                                                    <a href=\"https:\/\/intronyx.de\/?page_id=49\" target=\"\">\n                                                                        <span class=\"oxilab-button-data\">\n                                                                            Containerstation, Fasstation und mehr                                                                        <\/span>\n                                                                    <\/a>\n                                                                <\/div>\n                                                                                                                        <\/div>\n                                                    <\/div>\n                                                <\/div>\n                                            <\/div>\n                                        <\/div>\n                                    <\/div>\n                                <\/div>\n                            <\/div>\n                                                    <\/div>\n\n                                            <\/div>\n                                        <div class=\"oxilab-flip-box-col-2 oxilab-flip-box-padding-2\"\n                        sa-data-animation=\"\"\n                        sa-data-animation-offset=\"100%\"\n                        sa-data-animation-delay=\"0ms\"\n                        sa-data-animation-duration=\" 2000ms\"\n                        >\n                        <div class=\"  oxilab-flip-box-body-2 oxilab-flip-box-body-2-11\">\n                                                        <div class=\"oxilab-flip-box-body-absulote\">\n                                <div class=\"oxilab-flip-box-flip oxilab-flip-box-flip-top-to-bottom\">\n                                    <div class=\"oxilab-flip-box-style-data easing_easeOutBack\">\n                                        <div class=\"oxilab-flip-box-style\">\n                                            <div class=\"oxilab-flip-box-front\">\n                                                <div class=\"oxilab-flip-box-2\">\n                                                    <div class=\"oxilab-flip-box-2-data\">\n                                                        <div class=\"oxilab-flip-box-2-image\">\n                                                            <img decoding=\"async\" src=\"https:\/\/intronyx.de\/wp-content\/uploads\/2023\/01\/SKI_180919-17.jpg\" \n                                                            alt=\"\"                                                            >\n\n                                                            <div class=\"oxilab-flip-box-2-image-icon\">\n                                                                        <i class=\"fas fa-broom oxi-icons\"><\/i>\n                                                                    <\/div>\n                                                        <\/div>\n                                                        <div class=\"oxilab-flip-box-2-heading\">\n                                                            <div class=\"oxilab-flip-box-2-heading-data\">\n                                                                Mischk\u00f6pfe                                                            <\/div>\n                                                        <\/div>\n                                                    <\/div>\n                                                <\/div>\n                                            <\/div>\n                                            <div class=\"oxilab-flip-box-back\">\n                                                <div class=\"oxilab-flip-box-back-2\">\n                                                    <div class=\"oxilab-flip-box-back-2-data\">\n                                                        <div class=\"oxilab-flip-box-back-2-file\">\n                                                            <div class=\"oxilab-info\">\n                                                                F\u00fcr homogenen Auslauf und beste Ergebnisse                                                            <\/div>\n                                                                                                                            <div class=\"oxilab-button\">\n                                                                    <a href=\"https:\/\/intronyx.de\/?page_id=53\" target=\"\">\n                                                                        <span class=\"oxilab-button-data\">\n                                                                            Erfahre mehr                                                                        <\/span>\n                                                                    <\/a>\n                                                                <\/div>\n                                                                                                                        <\/div>\n                                                    <\/div>\n                                                <\/div>\n                                            <\/div>\n                                        <\/div>\n                                    <\/div>\n                                <\/div>\n                            <\/div>\n                                                    <\/div>\n\n                                            <\/div>\n                    \n        <\/div>\n            <\/div>\n","protected":false},"excerpt":{"rendered":"<p>PURformance follows Function FoamFlexNeuartiges PUR-Komplettsystem mit modularem Aufbau f\u00fcr eine flexible und wirtschaftliche Nutzung der Produktionskapazit\u00e4ten im Serienanlauf und -auslauf Produkteigenschaften und Highlights Kompakte Bauweise mit Arbeitsb\u00fchne f\u00fcr geringen PlatzbedarfAufbau bzw. Abbau der kompletten Anlage innerhalb eines Tages m\u00f6glichMaster \/ Slave-Konzept f\u00fcr wirtschaftliche und bedarfsgerechte Einbindung weiterer AnlagenEinsatz des bew\u00e4hrten vollelektrischen Formentr\u00e4gersWartungsarm und langlebig durch [&hellip;]<\/p>\n","protected":false},"author":1,"featured_media":0,"parent":0,"menu_order":0,"comment_status":"closed","ping_status":"closed","template":"","meta":{"footnotes":""},"class_list":["post-59","page","type-page","status-publish","hentry"],"yoast_head":"<!-- This site is optimized with the Yoast SEO plugin v25.6 - https:\/\/yoast.com\/wordpress\/plugins\/seo\/ -->\n<title>Reaktionstechnik - Pure for You<\/title>\n<meta name=\"robots\" content=\"index, follow, max-snippet:-1, max-image-preview:large, max-video-preview:-1\" \/>\n<link rel=\"canonical\" href=\"https:\/\/intronyx.de\/?page_id=59\" \/>\n<meta property=\"og:locale\" content=\"de_DE\" \/>\n<meta property=\"og:type\" content=\"article\" \/>\n<meta property=\"og:title\" content=\"Reaktionstechnik - Pure for You\" \/>\n<meta property=\"og:description\" content=\"PURformance follows Function FoamFlexNeuartiges PUR-Komplettsystem mit modularem Aufbau f\u00fcr eine flexible und wirtschaftliche Nutzung der Produktionskapazit\u00e4ten im Serienanlauf und -auslauf Produkteigenschaften und Highlights Kompakte Bauweise mit Arbeitsb\u00fchne f\u00fcr geringen PlatzbedarfAufbau bzw. Abbau der kompletten Anlage innerhalb eines Tages m\u00f6glichMaster \/ Slave-Konzept f\u00fcr wirtschaftliche und bedarfsgerechte Einbindung weiterer AnlagenEinsatz des bew\u00e4hrten vollelektrischen Formentr\u00e4gersWartungsarm und langlebig durch [&hellip;]\" \/>\n<meta property=\"og:url\" content=\"https:\/\/intronyx.de\/?page_id=59\" \/>\n<meta property=\"og:site_name\" content=\"Pure for You\" \/>\n<meta property=\"article:modified_time\" content=\"2023-11-09T14:01:48+00:00\" \/>\n<meta name=\"twitter:card\" content=\"summary_large_image\" \/>\n<meta name=\"twitter:label1\" content=\"Gesch\u00e4tzte Lesezeit\" \/>\n\t<meta name=\"twitter:data1\" content=\"1 Minute\" \/>\n<script type=\"application\/ld+json\" class=\"yoast-schema-graph\">{\"@context\":\"https:\/\/schema.org\",\"@graph\":[{\"@type\":\"WebPage\",\"@id\":\"https:\/\/intronyx.de\/?page_id=59\",\"url\":\"https:\/\/intronyx.de\/?page_id=59\",\"name\":\"Reaktionstechnik - Pure for You\",\"isPartOf\":{\"@id\":\"https:\/\/intronyx.de\/#website\"},\"datePublished\":\"2022-11-28T09:37:41+00:00\",\"dateModified\":\"2023-11-09T14:01:48+00:00\",\"breadcrumb\":{\"@id\":\"https:\/\/intronyx.de\/?page_id=59#breadcrumb\"},\"inLanguage\":\"de-DE\",\"potentialAction\":[{\"@type\":\"ReadAction\",\"target\":[\"https:\/\/intronyx.de\/?page_id=59\"]}]},{\"@type\":\"BreadcrumbList\",\"@id\":\"https:\/\/intronyx.de\/?page_id=59#breadcrumb\",\"itemListElement\":[{\"@type\":\"ListItem\",\"position\":1,\"name\":\"Startseite\",\"item\":\"https:\/\/intronyx.de\/\"},{\"@type\":\"ListItem\",\"position\":2,\"name\":\"Reaktionstechnik\"}]},{\"@type\":\"WebSite\",\"@id\":\"https:\/\/intronyx.de\/#website\",\"url\":\"https:\/\/intronyx.de\/\",\"name\":\"intronyx GmbH & Co.KG\",\"description\":\"\",\"publisher\":{\"@id\":\"https:\/\/intronyx.de\/#organization\"},\"potentialAction\":[{\"@type\":\"SearchAction\",\"target\":{\"@type\":\"EntryPoint\",\"urlTemplate\":\"https:\/\/intronyx.de\/?s={search_term_string}\"},\"query-input\":{\"@type\":\"PropertyValueSpecification\",\"valueRequired\":true,\"valueName\":\"search_term_string\"}}],\"inLanguage\":\"de-DE\"},{\"@type\":\"Organization\",\"@id\":\"https:\/\/intronyx.de\/#organization\",\"name\":\"intronyx\",\"url\":\"https:\/\/intronyx.de\/\",\"logo\":{\"@type\":\"ImageObject\",\"inLanguage\":\"de-DE\",\"@id\":\"https:\/\/intronyx.de\/#\/schema\/logo\/image\/\",\"url\":\"https:\/\/intronyx.de\/wp-content\/uploads\/2022\/11\/cropped-cropped-5040@2x.jpg\",\"contentUrl\":\"https:\/\/intronyx.de\/wp-content\/uploads\/2022\/11\/cropped-cropped-5040@2x.jpg\",\"width\":958,\"height\":201,\"caption\":\"intronyx\"},\"image\":{\"@id\":\"https:\/\/intronyx.de\/#\/schema\/logo\/image\/\"}}]}<\/script>\n<!-- \/ Yoast SEO plugin. -->","yoast_head_json":{"title":"Reaktionstechnik - Pure for You","robots":{"index":"index","follow":"follow","max-snippet":"max-snippet:-1","max-image-preview":"max-image-preview:large","max-video-preview":"max-video-preview:-1"},"canonical":"https:\/\/intronyx.de\/?page_id=59","og_locale":"de_DE","og_type":"article","og_title":"Reaktionstechnik - Pure for You","og_description":"PURformance follows Function FoamFlexNeuartiges PUR-Komplettsystem mit modularem Aufbau f\u00fcr eine flexible und wirtschaftliche Nutzung der Produktionskapazit\u00e4ten im Serienanlauf und -auslauf Produkteigenschaften und Highlights Kompakte Bauweise mit Arbeitsb\u00fchne f\u00fcr geringen PlatzbedarfAufbau bzw. Abbau der kompletten Anlage innerhalb eines Tages m\u00f6glichMaster \/ Slave-Konzept f\u00fcr wirtschaftliche und bedarfsgerechte Einbindung weiterer AnlagenEinsatz des bew\u00e4hrten vollelektrischen Formentr\u00e4gersWartungsarm und langlebig durch [&hellip;]","og_url":"https:\/\/intronyx.de\/?page_id=59","og_site_name":"Pure for You","article_modified_time":"2023-11-09T14:01:48+00:00","twitter_card":"summary_large_image","twitter_misc":{"Gesch\u00e4tzte Lesezeit":"1 Minute"},"schema":{"@context":"https:\/\/schema.org","@graph":[{"@type":"WebPage","@id":"https:\/\/intronyx.de\/?page_id=59","url":"https:\/\/intronyx.de\/?page_id=59","name":"Reaktionstechnik - Pure for You","isPartOf":{"@id":"https:\/\/intronyx.de\/#website"},"datePublished":"2022-11-28T09:37:41+00:00","dateModified":"2023-11-09T14:01:48+00:00","breadcrumb":{"@id":"https:\/\/intronyx.de\/?page_id=59#breadcrumb"},"inLanguage":"de-DE","potentialAction":[{"@type":"ReadAction","target":["https:\/\/intronyx.de\/?page_id=59"]}]},{"@type":"BreadcrumbList","@id":"https:\/\/intronyx.de\/?page_id=59#breadcrumb","itemListElement":[{"@type":"ListItem","position":1,"name":"Startseite","item":"https:\/\/intronyx.de\/"},{"@type":"ListItem","position":2,"name":"Reaktionstechnik"}]},{"@type":"WebSite","@id":"https:\/\/intronyx.de\/#website","url":"https:\/\/intronyx.de\/","name":"intronyx GmbH & Co.KG","description":"","publisher":{"@id":"https:\/\/intronyx.de\/#organization"},"potentialAction":[{"@type":"SearchAction","target":{"@type":"EntryPoint","urlTemplate":"https:\/\/intronyx.de\/?s={search_term_string}"},"query-input":{"@type":"PropertyValueSpecification","valueRequired":true,"valueName":"search_term_string"}}],"inLanguage":"de-DE"},{"@type":"Organization","@id":"https:\/\/intronyx.de\/#organization","name":"intronyx","url":"https:\/\/intronyx.de\/","logo":{"@type":"ImageObject","inLanguage":"de-DE","@id":"https:\/\/intronyx.de\/#\/schema\/logo\/image\/","url":"https:\/\/intronyx.de\/wp-content\/uploads\/2022\/11\/cropped-cropped-5040@2x.jpg","contentUrl":"https:\/\/intronyx.de\/wp-content\/uploads\/2022\/11\/cropped-cropped-5040@2x.jpg","width":958,"height":201,"caption":"intronyx"},"image":{"@id":"https:\/\/intronyx.de\/#\/schema\/logo\/image\/"}}]}},"jetpack_sharing_enabled":true,"_links":{"self":[{"href":"https:\/\/intronyx.de\/index.php?rest_route=\/wp\/v2\/pages\/59"}],"collection":[{"href":"https:\/\/intronyx.de\/index.php?rest_route=\/wp\/v2\/pages"}],"about":[{"href":"https:\/\/intronyx.de\/index.php?rest_route=\/wp\/v2\/types\/page"}],"author":[{"embeddable":true,"href":"https:\/\/intronyx.de\/index.php?rest_route=\/wp\/v2\/users\/1"}],"replies":[{"embeddable":true,"href":"https:\/\/intronyx.de\/index.php?rest_route=%2Fwp%2Fv2%2Fcomments&post=59"}],"version-history":[{"count":4,"href":"https:\/\/intronyx.de\/index.php?rest_route=\/wp\/v2\/pages\/59\/revisions"}],"predecessor-version":[{"id":381,"href":"https:\/\/intronyx.de\/index.php?rest_route=\/wp\/v2\/pages\/59\/revisions\/381"}],"wp:attachment":[{"href":"https:\/\/intronyx.de\/index.php?rest_route=%2Fwp%2Fv2%2Fmedia&parent=59"}],"curies":[{"name":"wp","href":"https:\/\/api.w.org\/{rel}","templated":true}]}}